{"id":12487,"date":"2021-10-10T11:01:29","date_gmt":"2021-10-10T09:01:29","guid":{"rendered":"https:\/\/jakubkolbicz.pl\/?page_id=12487"},"modified":"2024-04-20T19:32:34","modified_gmt":"2024-04-20T17:32:34","slug":"osoby-i-obserwacje","status":"publish","type":"page","link":"https:\/\/jakubkolbicz.pl\/?page_id=12487","title":{"rendered":"Osoby i obserwacje"},"content":{"rendered":"\n<div class=\"wp-block-group alignwide\"><div class=\"wp-block-group__inner-container is-layout-flow wp-block-group-is-layout-flow\"><div class=\"su-divider su-divider-style-default\" style=\"margin:25px 0;border-width:1px;border-color:#505050\"><\/div>\n<\/div><\/div>\n\n\n\n<div class=\"wp-block-group alignwide\"><div class=\"wp-block-group__inner-container is-layout-flow wp-block-group-is-layout-flow\">\n<p style=\"font-size:16px\"><strong>R\u00f3\u017cne miejsca, r\u00f3\u017cne wydarzenia, ale z regu\u0142y przypadkowo i najcz\u0119\u015bciej wok\u00f3\u0142 cz\u0142owieka.<\/strong> <\/p>\n<\/div><\/div>\n\n\n\n<div class=\"wp-block-group alignwide\"><div class=\"wp-block-group__inner-container is-layout-flow wp-block-group-is-layout-flow\"><div class=\"su-divider su-divider-style-default\" style=\"margin:25px 0;border-width:1px;border-color:#505050\"><\/div>\n<\/div><\/div>\n\n\n\n<div class=\"wp-block-group alignwide\"><div class=\"wp-block-group__inner-container is-layout-constrained wp-block-group-is-layout-constrained\">\n<div class=\"wp-block-columns is-layout-flex wp-container-core-columns-is-layout-9d6595d7 wp-block-columns-is-layout-flex\">\n<div class=\"wp-block-column is-layout-flow wp-block-column-is-layout-flow\">\n<a id=\"E_Postaci\"><\/a>\n\n\n\n<figure class=\"wp-block-image size-full\"><a href=\"https:\/\/jakubkolbicz.pl\/?page_id=2890\"><img loading=\"lazy\" decoding=\"async\" width=\"800\" height=\"533\" src=\"https:\/\/jakubkolbicz.pl\/wp-content\/uploads\/2021\/07\/postaci-3.jpg\" alt=\"\" class=\"wp-image-1048\" srcset=\"https:\/\/jakubkolbicz.pl\/wp-content\/uploads\/2021\/07\/postaci-3.jpg 800w, https:\/\/jakubkolbicz.pl\/wp-content\/uploads\/2021\/07\/postaci-3-300x200.jpg 300w, https:\/\/jakubkolbicz.pl\/wp-content\/uploads\/2021\/07\/postaci-3-768x512.jpg 768w\" sizes=\"auto, (max-width: 800px) 100vw, 800px\" \/><\/a><figcaption class=\"wp-element-caption\">Postaci<\/figcaption><\/figure>\n<\/div>\n\n\n\n<div class=\"wp-block-column is-vertically-aligned-center is-layout-flow wp-block-column-is-layout-flow\">\n<div class=\"wp-block-columns is-layout-flex wp-container-core-columns-is-layout-9d6595d7 wp-block-columns-is-layout-flex\">\n<div class=\"wp-block-column is-layout-flow wp-block-column-is-layout-flow\">\n<a id=\"E_Obserwacje\"><\/a>\n\n\n\n<figure class=\"wp-block-image size-full\"><a href=\"https:\/\/jakubkolbicz.pl\/?page_id=3336\"><img loading=\"lazy\" decoding=\"async\" width=\"800\" height=\"532\" src=\"https:\/\/jakubkolbicz.pl\/wp-content\/uploads\/2021\/07\/obserwacje-70.jpg\" alt=\"\" class=\"wp-image-1157\" srcset=\"https:\/\/jakubkolbicz.pl\/wp-content\/uploads\/2021\/07\/obserwacje-70.jpg 800w, https:\/\/jakubkolbicz.pl\/wp-content\/uploads\/2021\/07\/obserwacje-70-300x200.jpg 300w, https:\/\/jakubkolbicz.pl\/wp-content\/uploads\/2021\/07\/obserwacje-70-768x511.jpg 768w\" sizes=\"auto, (max-width: 800px) 100vw, 800px\" \/><\/a><figcaption class=\"wp-element-caption\">Obserwacje<\/figcaption><\/figure>\n<\/div>\n\n\n\n<div class=\"wp-block-column is-layout-flow wp-block-column-is-layout-flow\">\n<a id=\"E_Miska\"><\/a>\n\n\n\n<figure class=\"wp-block-image size-full\"><a href=\"https:\/\/jakubkolbicz.pl\/?page_id=3348\"><img loading=\"lazy\" decoding=\"async\" width=\"800\" height=\"532\" src=\"https:\/\/jakubkolbicz.pl\/wp-content\/uploads\/2021\/07\/miska-13.jpg\" alt=\"\" class=\"wp-image-1312\" srcset=\"https:\/\/jakubkolbicz.pl\/wp-content\/uploads\/2021\/07\/miska-13.jpg 800w, https:\/\/jakubkolbicz.pl\/wp-content\/uploads\/2021\/07\/miska-13-300x200.jpg 300w, https:\/\/jakubkolbicz.pl\/wp-content\/uploads\/2021\/07\/miska-13-768x511.jpg 768w\" sizes=\"auto, (max-width: 800px) 100vw, 800px\" \/><\/a><figcaption class=\"wp-element-caption\">Mi\u015bka<\/figcaption><\/figure>\n<\/div>\n\n\n\n<div class=\"wp-block-column is-layout-flow wp-block-column-is-layout-flow\">\n<a id=\"E_Modelki\"><\/a>\n\n\n\n<figure class=\"wp-block-image size-full\"><a href=\"https:\/\/jakubkolbicz.pl\/?page_id=3356\"><img loading=\"lazy\" decoding=\"async\" width=\"800\" height=\"532\" src=\"https:\/\/jakubkolbicz.pl\/wp-content\/uploads\/2021\/07\/modelki-32.jpg\" alt=\"\" class=\"wp-image-1351\" srcset=\"https:\/\/jakubkolbicz.pl\/wp-content\/uploads\/2021\/07\/modelki-32.jpg 800w, https:\/\/jakubkolbicz.pl\/wp-content\/uploads\/2021\/07\/modelki-32-300x200.jpg 300w, https:\/\/jakubkolbicz.pl\/wp-content\/uploads\/2021\/07\/modelki-32-768x511.jpg 768w\" sizes=\"auto, (max-width: 800px) 100vw, 800px\" \/><\/a><figcaption class=\"wp-element-caption\">Modelki<\/figcaption><\/figure>\n<\/div>\n<\/div>\n\n\n\n<div class=\"wp-block-columns is-layout-flex wp-container-core-columns-is-layout-9d6595d7 wp-block-columns-is-layout-flex\">\n<div class=\"wp-block-column is-layout-flow wp-block-column-is-layout-flow\">\n<a id=\"E_Madame_Tussaud\"><\/a>\n\n\n\n<figure class=\"wp-block-image size-full\"><a href=\"https:\/\/jakubkolbicz.pl\/?page_id=5861\"><img loading=\"lazy\" decoding=\"async\" width=\"800\" height=\"532\" src=\"https:\/\/jakubkolbicz.pl\/wp-content\/uploads\/2021\/07\/madame_tussaud-75.jpg\" alt=\"\" class=\"wp-image-5859\" srcset=\"https:\/\/jakubkolbicz.pl\/wp-content\/uploads\/2021\/07\/madame_tussaud-75.jpg 800w, https:\/\/jakubkolbicz.pl\/wp-content\/uploads\/2021\/07\/madame_tussaud-75-300x200.jpg 300w, https:\/\/jakubkolbicz.pl\/wp-content\/uploads\/2021\/07\/madame_tussaud-75-768x511.jpg 768w\" sizes=\"auto, (max-width: 800px) 100vw, 800px\" \/><\/a><figcaption class=\"wp-element-caption\">Madame Tussauds Wien<\/figcaption><\/figure>\n<\/div>\n\n\n\n<div class=\"wp-block-column is-layout-flow wp-block-column-is-layout-flow\">\n<a id=\"E_Rozne\"><\/a>\n\n\n\n<figure class=\"wp-block-image size-full\"><a href=\"https:\/\/jakubkolbicz.pl\/?page_id=3361\"><img loading=\"lazy\" decoding=\"async\" width=\"800\" height=\"532\" src=\"https:\/\/jakubkolbicz.pl\/wp-content\/uploads\/2021\/07\/rodz-23.jpg\" alt=\"\" class=\"wp-image-1405\" srcset=\"https:\/\/jakubkolbicz.pl\/wp-content\/uploads\/2021\/07\/rodz-23.jpg 800w, https:\/\/jakubkolbicz.pl\/wp-content\/uploads\/2021\/07\/rodz-23-300x200.jpg 300w, https:\/\/jakubkolbicz.pl\/wp-content\/uploads\/2021\/07\/rodz-23-768x511.jpg 768w\" sizes=\"auto, (max-width: 800px) 100vw, 800px\" \/><\/a><figcaption class=\"wp-element-caption\">R\u00f3\u017cne<\/figcaption><\/figure>\n<\/div>\n\n\n\n<div class=\"wp-block-column is-layout-flow wp-block-column-is-layout-flow\">\n<a id=\"E_Madame_tussaud_berlin\"><\/a>\n\n\n\n<figure class=\"wp-block-image size-full\"><a href=\"https:\/\/jakubkolbicz.pl\/?page_id=17641\"><img loading=\"lazy\" decoding=\"async\" width=\"1000\" height=\"665\" src=\"https:\/\/jakubkolbicz.pl\/wp-content\/uploads\/2024\/04\/madame_tussaud_berlin-86.jpg\" alt=\"\" class=\"wp-image-17703\" srcset=\"https:\/\/jakubkolbicz.pl\/wp-content\/uploads\/2024\/04\/madame_tussaud_berlin-86.jpg 1000w, https:\/\/jakubkolbicz.pl\/wp-content\/uploads\/2024\/04\/madame_tussaud_berlin-86-300x200.jpg 300w, https:\/\/jakubkolbicz.pl\/wp-content\/uploads\/2024\/04\/madame_tussaud_berlin-86-768x511.jpg 768w\" sizes=\"auto, (max-width: 1000px) 100vw, 1000px\" \/><\/a><figcaption class=\"wp-element-caption\">Madame Tussauds Berlin<\/figcaption><\/figure>\n<\/div>\n<\/div>\n<\/div>\n<\/div>\n<\/div><\/div>\n\n\n\n<p><\/p>\n\n\n\n<p><\/p>\n\n\n\n<p><\/p>\n\n\n\n<div class=\"wp-block-group alignwide has-background\" style=\"background-color:#f3f3f3\"><div class=\"wp-block-group__inner-container is-layout-flow wp-block-group-is-layout-flow\">\n<div style=\"height:40px\" aria-hidden=\"true\" class=\"wp-block-spacer\"><\/div>\n\n\n<div class=\"su-button-center\"><a href=\"https:\/\/jakubkolbicz.pl\/#E_Obserwacje_i_Postacie\" class=\"su-button su-button-style-soft su-button-wide\" style=\"color:#ffffff;background-color:#717171;border-color:#5b5b5b;border-radius:10px\" target=\"_self\" id=\"1\"><span style=\"color:#ffffff;padding:8px 26px;font-size:20px;line-height:30px;border-color:#9c9c9c;border-radius:10px;text-shadow:0px 0px 0px #940000\"><i class=\"sui sui-arrow-left\" style=\"font-size:20px;color:#ecbc2a\"><\/i> STRONA G\u0141\u00d3WNA<\/span><\/a><\/div>\n\n\n\n<div style=\"height:40px\" aria-hidden=\"true\" class=\"wp-block-spacer\"><\/div>\n<\/div><\/div>\n\n\n\n<div class=\"wp-block-group alignfull\"><div class=\"wp-block-group__inner-container is-layout-flow wp-block-group-is-layout-flow\">\n<div class=\"wp-block-group alignwide\"><div class=\"wp-block-group__inner-container is-layout-flow wp-block-group-is-layout-flow\">\n<div style=\"height:50px\" aria-hidden=\"true\" class=\"wp-block-spacer\"><\/div>\n\n\n\n<p><\/p>\n\n\n<div class=\"su-divider su-divider-style-default\" style=\"margin:25px 0;border-width:5px;border-color:#B8B8B8\"><\/div>\n\n\n\n<p><\/p>\n<\/div><\/div>\n<\/div><\/div>\n\n\n\n<p class=\"has-text-align-center\" style=\"font-size:16px\"><strong>Bloki tematyczne<\/strong><\/p>\n\n\n\n<div class=\"wp-block-columns alignwide has-background is-layout-flex wp-container-core-columns-is-layout-9d6595d7 wp-block-columns-is-layout-flex\" style=\"background-color:#f7f7f7\">\n<div class=\"wp-block-column is-layout-flow wp-block-column-is-layout-flow\">\n<figure class=\"wp-block-image size-large\"><a href=\"https:\/\/jakubkolbicz.pl\/?page_id=12487\"><img loading=\"lazy\" decoding=\"async\" width=\"800\" height=\"532\" src=\"https:\/\/jakubkolbicz.pl\/wp-content\/uploads\/2021\/07\/obserwacje-69.jpg\" alt=\"\" class=\"wp-image-1156\" srcset=\"https:\/\/jakubkolbicz.pl\/wp-content\/uploads\/2021\/07\/obserwacje-69.jpg 800w, https:\/\/jakubkolbicz.pl\/wp-content\/uploads\/2021\/07\/obserwacje-69-300x200.jpg 300w, https:\/\/jakubkolbicz.pl\/wp-content\/uploads\/2021\/07\/obserwacje-69-768x511.jpg 768w\" sizes=\"auto, (max-width: 800px) 100vw, 800px\" \/><\/a><figcaption>Osoby i obserwacje<\/figcaption><\/figure>\n<\/div>\n\n\n\n<div class=\"wp-block-column is-layout-flow wp-block-column-is-layout-flow\">\n<figure class=\"wp-block-image size-large\"><a href=\"https:\/\/jakubkolbicz.pl\/?page_id=12531\"><img loading=\"lazy\" decoding=\"async\" width=\"800\" height=\"532\" src=\"https:\/\/jakubkolbicz.pl\/wp-content\/uploads\/2021\/07\/koncerty-14.jpg\" alt=\"\" class=\"wp-image-1480\" srcset=\"https:\/\/jakubkolbicz.pl\/wp-content\/uploads\/2021\/07\/koncerty-14.jpg 800w, https:\/\/jakubkolbicz.pl\/wp-content\/uploads\/2021\/07\/koncerty-14-300x200.jpg 300w, https:\/\/jakubkolbicz.pl\/wp-content\/uploads\/2021\/07\/koncerty-14-768x511.jpg 768w\" sizes=\"auto, (max-width: 800px) 100vw, 800px\" \/><\/a><figcaption>Eventy<\/figcaption><\/figure>\n<\/div>\n\n\n\n<div class=\"wp-block-column is-layout-flow wp-block-column-is-layout-flow\">\n<figure class=\"wp-block-image size-large\"><a href=\"https:\/\/jakubkolbicz.pl\/?page_id=12535\"><img loading=\"lazy\" decoding=\"async\" width=\"800\" height=\"532\" src=\"https:\/\/jakubkolbicz.pl\/wp-content\/uploads\/2021\/07\/samoloty-29.jpg\" alt=\"\" class=\"wp-image-4050\" srcset=\"https:\/\/jakubkolbicz.pl\/wp-content\/uploads\/2021\/07\/samoloty-29.jpg 800w, https:\/\/jakubkolbicz.pl\/wp-content\/uploads\/2021\/07\/samoloty-29-300x200.jpg 300w, https:\/\/jakubkolbicz.pl\/wp-content\/uploads\/2021\/07\/samoloty-29-768x511.jpg 768w\" sizes=\"auto, (max-width: 800px) 100vw, 800px\" \/><\/a><figcaption>Aktywno\u015b\u0107<\/figcaption><\/figure>\n<\/div>\n\n\n\n<div class=\"wp-block-column is-layout-flow wp-block-column-is-layout-flow\">\n<figure class=\"wp-block-image size-large\"><a href=\"https:\/\/jakubkolbicz.pl\/?page_id=12539\"><img loading=\"lazy\" decoding=\"async\" width=\"800\" height=\"532\" src=\"https:\/\/jakubkolbicz.pl\/wp-content\/uploads\/2021\/07\/slonce-45.jpg\" alt=\"\" class=\"wp-image-2297\" srcset=\"https:\/\/jakubkolbicz.pl\/wp-content\/uploads\/2021\/07\/slonce-45.jpg 800w, https:\/\/jakubkolbicz.pl\/wp-content\/uploads\/2021\/07\/slonce-45-300x200.jpg 300w, https:\/\/jakubkolbicz.pl\/wp-content\/uploads\/2021\/07\/slonce-45-768x511.jpg 768w\" sizes=\"auto, (max-width: 800px) 100vw, 800px\" \/><\/a><figcaption>Otoczenie<\/figcaption><\/figure>\n<\/div>\n\n\n\n<div class=\"wp-block-column is-layout-flow wp-block-column-is-layout-flow\">\n<figure class=\"wp-block-image size-large\"><a href=\"https:\/\/jakubkolbicz.pl\/?page_id=12542\"><img loading=\"lazy\" decoding=\"async\" width=\"800\" height=\"532\" src=\"https:\/\/jakubkolbicz.pl\/wp-content\/uploads\/2021\/07\/moje_zwierzaki-8.jpg\" alt=\"\" class=\"wp-image-357\" srcset=\"https:\/\/jakubkolbicz.pl\/wp-content\/uploads\/2021\/07\/moje_zwierzaki-8.jpg 800w, https:\/\/jakubkolbicz.pl\/wp-content\/uploads\/2021\/07\/moje_zwierzaki-8-300x200.jpg 300w, https:\/\/jakubkolbicz.pl\/wp-content\/uploads\/2021\/07\/moje_zwierzaki-8-768x511.jpg 768w\" sizes=\"auto, (max-width: 800px) 100vw, 800px\" \/><\/a><figcaption>Fauna i Flora<\/figcaption><\/figure>\n<\/div>\n\n\n\n<div class=\"wp-block-column is-layout-flow wp-block-column-is-layout-flow\">\n<figure class=\"wp-block-image size-large\"><a href=\"https:\/\/jakubkolbicz.pl\/?page_id=12548\"><img loading=\"lazy\" decoding=\"async\" width=\"800\" height=\"532\" src=\"https:\/\/jakubkolbicz.pl\/wp-content\/uploads\/2021\/07\/auta-12.jpg\" alt=\"\" class=\"wp-image-483\" srcset=\"https:\/\/jakubkolbicz.pl\/wp-content\/uploads\/2021\/07\/auta-12.jpg 800w, https:\/\/jakubkolbicz.pl\/wp-content\/uploads\/2021\/07\/auta-12-300x200.jpg 300w, https:\/\/jakubkolbicz.pl\/wp-content\/uploads\/2021\/07\/auta-12-768x511.jpg 768w\" sizes=\"auto, (max-width: 800px) 100vw, 800px\" \/><\/a><figcaption>Inne spojrzenie<\/figcaption><\/figure>\n<\/div>\n\n\n\n<div class=\"wp-block-column is-layout-flow wp-block-column-is-layout-flow\">\n<figure class=\"wp-block-image size-large\"><a href=\"https:\/\/jakubkolbicz.pl\/?page_id=12551\"><img loading=\"lazy\" decoding=\"async\" width=\"800\" height=\"532\" src=\"https:\/\/jakubkolbicz.pl\/wp-content\/uploads\/2021\/07\/noca-16.jpg\" alt=\"\" class=\"wp-image-4005\" srcset=\"https:\/\/jakubkolbicz.pl\/wp-content\/uploads\/2021\/07\/noca-16.jpg 800w, https:\/\/jakubkolbicz.pl\/wp-content\/uploads\/2021\/07\/noca-16-300x200.jpg 300w, https:\/\/jakubkolbicz.pl\/wp-content\/uploads\/2021\/07\/noca-16-768x511.jpg 768w\" sizes=\"auto, (max-width: 800px) 100vw, 800px\" \/><\/a><figcaption>Troch\u0119 \u015bwiat\u0142a<\/figcaption><\/figure>\n<\/div>\n\n\n\n<div class=\"wp-block-column is-layout-flow wp-block-column-is-layout-flow\">\n<figure class=\"wp-block-image size-large\"><a href=\"https:\/\/jakubkolbicz.pl\/?page_id=12554\"><img loading=\"lazy\" decoding=\"async\" width=\"800\" height=\"532\" src=\"https:\/\/jakubkolbicz.pl\/wp-content\/uploads\/2021\/07\/kamieniolom-11.jpg\" alt=\"\" class=\"wp-image-3103\" srcset=\"https:\/\/jakubkolbicz.pl\/wp-content\/uploads\/2021\/07\/kamieniolom-11.jpg 800w, https:\/\/jakubkolbicz.pl\/wp-content\/uploads\/2021\/07\/kamieniolom-11-300x200.jpg 300w, https:\/\/jakubkolbicz.pl\/wp-content\/uploads\/2021\/07\/kamieniolom-11-768x511.jpg 768w\" sizes=\"auto, (max-width: 800px) 100vw, 800px\" \/><\/a><figcaption>Miejsca<\/figcaption><\/figure>\n<\/div>\n\n\n\n<div class=\"wp-block-column is-layout-flow wp-block-column-is-layout-flow\">\n<figure class=\"wp-block-image size-large\"><a href=\"https:\/\/jakubkolbicz.pl\/?page_id=12557\"><img loading=\"lazy\" decoding=\"async\" width=\"800\" height=\"532\" src=\"https:\/\/jakubkolbicz.pl\/wp-content\/uploads\/2021\/07\/berlin-39.jpg\" alt=\"\" class=\"wp-image-585\" srcset=\"https:\/\/jakubkolbicz.pl\/wp-content\/uploads\/2021\/07\/berlin-39.jpg 800w, https:\/\/jakubkolbicz.pl\/wp-content\/uploads\/2021\/07\/berlin-39-300x200.jpg 300w, https:\/\/jakubkolbicz.pl\/wp-content\/uploads\/2021\/07\/berlin-39-768x511.jpg 768w\" sizes=\"auto, (max-width: 800px) 100vw, 800px\" \/><\/a><figcaption>W gine\u017adzie cz\u0142owieka<\/figcaption><\/figure>\n<\/div>\n<\/div>\n\n\n\n<p><\/p>\n","protected":false},"excerpt":{"rendered":"<p>R\u00f3\u017cne miejsca, r\u00f3\u017cne wydarzenia, ale z regu\u0142y przypadkowo i najcz\u0119\u015bciej wok\u00f3\u0142 cz\u0142owieka.<\/p>\n","protected":false},"author":1,"featured_media":1156,"parent":1466,"menu_order":0,"comment_status":"closed","ping_status":"closed","template":"","meta":{"footnotes":""},"class_list":["post-12487","page","type-page","status-publish","has-post-thumbnail","hentry"],"_links":{"self":[{"href":"https:\/\/jakubkolbicz.pl\/index.php?rest_route=\/wp\/v2\/pages\/12487","targetHints":{"allow":["GET"]}}],"collection":[{"href":"https:\/\/jakubkolbicz.pl\/index.php?rest_route=\/wp\/v2\/pages"}],"about":[{"href":"https:\/\/jakubkolbicz.pl\/index.php?rest_route=\/wp\/v2\/types\/page"}],"author":[{"embeddable":true,"href":"https:\/\/jakubkolbicz.pl\/index.php?rest_route=\/wp\/v2\/users\/1"}],"replies":[{"embeddable":true,"href":"https:\/\/jakubkolbicz.pl\/index.php?rest_route=%2Fwp%2Fv2%2Fcomments&post=12487"}],"version-history":[{"count":72,"href":"https:\/\/jakubkolbicz.pl\/index.php?rest_route=\/wp\/v2\/pages\/12487\/revisions"}],"predecessor-version":[{"id":17761,"href":"https:\/\/jakubkolbicz.pl\/index.php?rest_route=\/wp\/v2\/pages\/12487\/revisions\/17761"}],"up":[{"embeddable":true,"href":"https:\/\/jakubkolbicz.pl\/index.php?rest_route=\/wp\/v2\/pages\/1466"}],"wp:featuredmedia":[{"embeddable":true,"href":"https:\/\/jakubkolbicz.pl\/index.php?rest_route=\/wp\/v2\/media\/1156"}],"wp:attachment":[{"href":"https:\/\/jakubkolbicz.pl\/index.php?rest_route=%2Fwp%2Fv2%2Fmedia&parent=12487"}],"curies":[{"name":"wp","href":"https:\/\/api.w.org\/{rel}","templated":true}]}}