{"id":12531,"date":"2021-10-10T12:24:01","date_gmt":"2021-10-10T10:24:01","guid":{"rendered":"https:\/\/jakubkolbicz.pl\/?page_id=12531"},"modified":"2023-03-24T21:34:04","modified_gmt":"2023-03-24T20:34:04","slug":"eventy","status":"publish","type":"page","link":"https:\/\/jakubkolbicz.pl\/?page_id=12531","title":{"rendered":"Eventy"},"content":{"rendered":"\n<div class=\"wp-block-group alignwide\"><div class=\"wp-block-group__inner-container is-layout-flow wp-block-group-is-layout-flow\"><div class=\"su-divider su-divider-style-default\" style=\"margin:25px 0;border-width:1px;border-color:#505050\"><\/div>\n<\/div><\/div>\n\n\n\n<div class=\"wp-block-group alignwide\"><div class=\"wp-block-group__inner-container is-layout-flow wp-block-group-is-layout-flow\">\n<p style=\"font-size:16px\"><strong>Koncerty, przedstawienia, pokazy, wystawy, wydarzenia<\/strong>\u2026<\/p>\n<\/div><\/div>\n\n\n\n<div class=\"wp-block-group alignwide\"><div class=\"wp-block-group__inner-container is-layout-flow wp-block-group-is-layout-flow\"><div class=\"su-divider su-divider-style-default\" style=\"margin:25px 0;border-width:1px;border-color:#505050\"><\/div>\n<\/div><\/div>\n\n\n\n<div class=\"wp-block-group alignwide\"><div class=\"wp-block-group__inner-container is-layout-constrained wp-block-group-is-layout-constrained\">\n<div class=\"wp-block-columns is-layout-flex wp-container-core-columns-is-layout-9d6595d7 wp-block-columns-is-layout-flex\">\n<div class=\"wp-block-column is-layout-flow wp-block-column-is-layout-flow\">\n<a id=\"E_Koncerty\"><\/a>\n\n\n\n<figure class=\"wp-block-image size-full\"><a href=\"https:\/\/jakubkolbicz.pl\/?page_id=3390\"><img loading=\"lazy\" decoding=\"async\" width=\"800\" height=\"532\" src=\"https:\/\/jakubkolbicz.pl\/wp-content\/uploads\/2021\/07\/koncerty-14.jpg\" alt=\"\" class=\"wp-image-1480\" srcset=\"https:\/\/jakubkolbicz.pl\/wp-content\/uploads\/2021\/07\/koncerty-14.jpg 800w, https:\/\/jakubkolbicz.pl\/wp-content\/uploads\/2021\/07\/koncerty-14-300x200.jpg 300w, https:\/\/jakubkolbicz.pl\/wp-content\/uploads\/2021\/07\/koncerty-14-768x511.jpg 768w\" sizes=\"auto, (max-width: 800px) 100vw, 800px\" \/><\/a><figcaption class=\"wp-element-caption\">Koncerty<\/figcaption><\/figure>\n<\/div>\n\n\n\n<div class=\"wp-block-column is-vertically-aligned-center is-layout-flow wp-block-column-is-layout-flow\">\n<div class=\"wp-block-columns is-layout-flex wp-container-core-columns-is-layout-9d6595d7 wp-block-columns-is-layout-flex\">\n<div class=\"wp-block-column is-layout-flow wp-block-column-is-layout-flow\">\n<a id=\"E_Teatr_I_Nie_Tylko\"><\/a>\n\n\n\n<figure class=\"wp-block-image size-full\"><a href=\"https:\/\/jakubkolbicz.pl\/?page_id=3397\"><img loading=\"lazy\" decoding=\"async\" width=\"800\" height=\"532\" src=\"https:\/\/jakubkolbicz.pl\/wp-content\/uploads\/2021\/07\/teatr-43.jpg\" alt=\"\" class=\"wp-image-1708\" srcset=\"https:\/\/jakubkolbicz.pl\/wp-content\/uploads\/2021\/07\/teatr-43.jpg 800w, https:\/\/jakubkolbicz.pl\/wp-content\/uploads\/2021\/07\/teatr-43-300x200.jpg 300w, https:\/\/jakubkolbicz.pl\/wp-content\/uploads\/2021\/07\/teatr-43-768x511.jpg 768w\" sizes=\"auto, (max-width: 800px) 100vw, 800px\" \/><\/a><figcaption class=\"wp-element-caption\">Teatr i nie tylko<\/figcaption><\/figure>\n<\/div>\n\n\n\n<div class=\"wp-block-column is-layout-flow wp-block-column-is-layout-flow\">\n<a id=\"E_Top_Gear\"><\/a>\n\n\n\n<figure class=\"wp-block-image size-full\"><a href=\"https:\/\/jakubkolbicz.pl\/?page_id=3405\"><img loading=\"lazy\" decoding=\"async\" width=\"800\" height=\"532\" src=\"https:\/\/jakubkolbicz.pl\/wp-content\/uploads\/2021\/07\/topgear-50.jpg\" alt=\"\" class=\"wp-image-1775\" srcset=\"https:\/\/jakubkolbicz.pl\/wp-content\/uploads\/2021\/07\/topgear-50.jpg 800w, https:\/\/jakubkolbicz.pl\/wp-content\/uploads\/2021\/07\/topgear-50-300x200.jpg 300w, https:\/\/jakubkolbicz.pl\/wp-content\/uploads\/2021\/07\/topgear-50-768x511.jpg 768w\" sizes=\"auto, (max-width: 800px) 100vw, 800px\" \/><\/a><figcaption class=\"wp-element-caption\">Top Gear<\/figcaption><\/figure>\n<\/div>\n\n\n\n<div class=\"wp-block-column is-layout-flow wp-block-column-is-layout-flow\">\n<a id=\"E_Verva\"><\/a>\n\n\n\n<figure class=\"wp-block-image size-full\"><a href=\"https:\/\/jakubkolbicz.pl\/?page_id=3428\"><img loading=\"lazy\" decoding=\"async\" width=\"800\" height=\"532\" src=\"https:\/\/jakubkolbicz.pl\/wp-content\/uploads\/2021\/07\/verva-24.jpg\" alt=\"\" class=\"wp-image-1914\" srcset=\"https:\/\/jakubkolbicz.pl\/wp-content\/uploads\/2021\/07\/verva-24.jpg 800w, https:\/\/jakubkolbicz.pl\/wp-content\/uploads\/2021\/07\/verva-24-300x200.jpg 300w, https:\/\/jakubkolbicz.pl\/wp-content\/uploads\/2021\/07\/verva-24-768x511.jpg 768w\" sizes=\"auto, (max-width: 800px) 100vw, 800px\" \/><\/a><figcaption class=\"wp-element-caption\">Verva<\/figcaption><\/figure>\n<\/div>\n<\/div>\n\n\n\n<div class=\"wp-block-columns is-layout-flex wp-container-core-columns-is-layout-9d6595d7 wp-block-columns-is-layout-flex\">\n<div class=\"wp-block-column is-layout-flow wp-block-column-is-layout-flow\">\n<a id=\"E_Jarmark_Tumski\"><\/a>\n\n\n\n<figure class=\"wp-block-image size-full\"><a href=\"https:\/\/jakubkolbicz.pl\/?page_id=3409\"><img loading=\"lazy\" decoding=\"async\" width=\"800\" height=\"532\" src=\"https:\/\/jakubkolbicz.pl\/wp-content\/uploads\/2021\/07\/jarmark-22.jpg\" alt=\"\" class=\"wp-image-1786\" srcset=\"https:\/\/jakubkolbicz.pl\/wp-content\/uploads\/2021\/07\/jarmark-22.jpg 800w, https:\/\/jakubkolbicz.pl\/wp-content\/uploads\/2021\/07\/jarmark-22-300x200.jpg 300w, https:\/\/jakubkolbicz.pl\/wp-content\/uploads\/2021\/07\/jarmark-22-768x511.jpg 768w\" sizes=\"auto, (max-width: 800px) 100vw, 800px\" \/><\/a><figcaption class=\"wp-element-caption\">Jarmark<\/figcaption><\/figure>\n<\/div>\n\n\n\n<div class=\"wp-block-column is-layout-flow wp-block-column-is-layout-flow\">\n<a id=\"E_Msza_Narodowa\"><\/a>\n\n\n\n<figure class=\"wp-block-image size-full\"><a href=\"https:\/\/jakubkolbicz.pl\/?page_id=10958\"><img loading=\"lazy\" decoding=\"async\" width=\"800\" height=\"532\" src=\"https:\/\/jakubkolbicz.pl\/wp-content\/uploads\/2021\/08\/msza_narodowa-6.jpg\" alt=\"\" class=\"wp-image-10954\" srcset=\"https:\/\/jakubkolbicz.pl\/wp-content\/uploads\/2021\/08\/msza_narodowa-6.jpg 800w, https:\/\/jakubkolbicz.pl\/wp-content\/uploads\/2021\/08\/msza_narodowa-6-300x200.jpg 300w, https:\/\/jakubkolbicz.pl\/wp-content\/uploads\/2021\/08\/msza_narodowa-6-768x511.jpg 768w\" sizes=\"auto, (max-width: 800px) 100vw, 800px\" \/><\/a><figcaption class=\"wp-element-caption\">Msza Narodowa<\/figcaption><\/figure>\n<\/div>\n\n\n\n<div class=\"wp-block-column is-layout-flow wp-block-column-is-layout-flow\">\n<a id=\"E_Piaskowy_Swiat_Kina\"><\/a>\n\n\n\n<figure class=\"wp-block-image size-full\"><a href=\"https:\/\/jakubkolbicz.pl\/?page_id=3436\"><img loading=\"lazy\" decoding=\"async\" width=\"800\" height=\"532\" src=\"https:\/\/jakubkolbicz.pl\/wp-content\/uploads\/2021\/07\/piasek-16.jpg\" alt=\"\" class=\"wp-image-2056\" srcset=\"https:\/\/jakubkolbicz.pl\/wp-content\/uploads\/2021\/07\/piasek-16.jpg 800w, https:\/\/jakubkolbicz.pl\/wp-content\/uploads\/2021\/07\/piasek-16-300x200.jpg 300w, https:\/\/jakubkolbicz.pl\/wp-content\/uploads\/2021\/07\/piasek-16-768x511.jpg 768w\" sizes=\"auto, (max-width: 800px) 100vw, 800px\" \/><\/a><figcaption class=\"wp-element-caption\">Piaskowy \u015awiat Kina<\/figcaption><\/figure>\n<\/div>\n<\/div>\n<\/div>\n<\/div>\n<\/div><\/div>\n\n\n\n<div class=\"wp-block-columns alignwide is-layout-flex wp-container-core-columns-is-layout-9d6595d7 wp-block-columns-is-layout-flex\">\n<div class=\"wp-block-column is-layout-flow wp-block-column-is-layout-flow\">\n<a id=\"E_Ognie\"><\/a>\n\n\n\n<figure class=\"wp-block-image size-large is-style-default\"><a href=\"https:\/\/jakubkolbicz.pl\/?page_id=3414\"><img loading=\"lazy\" decoding=\"async\" width=\"800\" height=\"532\" src=\"http:\/\/serwer1771233.home.pl\/autoinstalator\/wordpressplugins\/wp-content\/uploads\/2021\/07\/ognie-13.jpg\" alt=\"\" class=\"wp-image-1832\" srcset=\"https:\/\/jakubkolbicz.pl\/wp-content\/uploads\/2021\/07\/ognie-13.jpg 800w, https:\/\/jakubkolbicz.pl\/wp-content\/uploads\/2021\/07\/ognie-13-300x200.jpg 300w, https:\/\/jakubkolbicz.pl\/wp-content\/uploads\/2021\/07\/ognie-13-768x511.jpg 768w\" sizes=\"auto, (max-width: 800px) 100vw, 800px\" \/><\/a><figcaption class=\"wp-element-caption\">Ognie<\/figcaption><\/figure>\n<\/div>\n\n\n\n<div class=\"wp-block-column is-layout-flow wp-block-column-is-layout-flow\">\n<a id=\"E_Dakar\"><\/a>\n\n\n\n<figure class=\"wp-block-image size-large is-style-default\"><a href=\"https:\/\/jakubkolbicz.pl\/?page_id=3419\"><img loading=\"lazy\" decoding=\"async\" width=\"800\" height=\"532\" src=\"http:\/\/serwer1771233.home.pl\/autoinstalator\/wordpressplugins\/wp-content\/uploads\/2021\/07\/dakar-29.jpg\" alt=\"\" class=\"wp-image-3013\" srcset=\"https:\/\/jakubkolbicz.pl\/wp-content\/uploads\/2021\/07\/dakar-29.jpg 800w, https:\/\/jakubkolbicz.pl\/wp-content\/uploads\/2021\/07\/dakar-29-300x200.jpg 300w, https:\/\/jakubkolbicz.pl\/wp-content\/uploads\/2021\/07\/dakar-29-768x511.jpg 768w\" sizes=\"auto, (max-width: 800px) 100vw, 800px\" \/><\/a><figcaption class=\"wp-element-caption\">Dakar<\/figcaption><\/figure>\n<\/div>\n\n\n\n<div class=\"wp-block-column is-layout-flow wp-block-column-is-layout-flow\">\n<a id=\"E_Party\"><\/a>\n\n\n\n<figure class=\"wp-block-image size-large is-style-default\"><a href=\"https:\/\/jakubkolbicz.pl\/?page_id=3423\"><img loading=\"lazy\" decoding=\"async\" width=\"800\" height=\"532\" src=\"http:\/\/serwer1771233.home.pl\/autoinstalator\/wordpressplugins\/wp-content\/uploads\/2021\/07\/Party-6.jpg\" alt=\"\" class=\"wp-image-1896\" srcset=\"https:\/\/jakubkolbicz.pl\/wp-content\/uploads\/2021\/07\/Party-6.jpg 800w, https:\/\/jakubkolbicz.pl\/wp-content\/uploads\/2021\/07\/Party-6-300x200.jpg 300w, https:\/\/jakubkolbicz.pl\/wp-content\/uploads\/2021\/07\/Party-6-768x511.jpg 768w\" sizes=\"auto, (max-width: 800px) 100vw, 800px\" \/><\/a><figcaption class=\"wp-element-caption\">Party<\/figcaption><\/figure>\n<\/div>\n\n\n\n<div class=\"wp-block-column is-layout-flow wp-block-column-is-layout-flow\">\n<a id=\"E_Light_Move_Festival\"><\/a>\n\n\n\n<figure class=\"wp-block-image size-full\"><a href=\"https:\/\/jakubkolbicz.pl\/?page_id=3432\"><img loading=\"lazy\" decoding=\"async\" width=\"800\" height=\"532\" src=\"https:\/\/jakubkolbicz.pl\/wp-content\/uploads\/2021\/07\/lighmoviefestival-42.jpg\" alt=\"\" class=\"wp-image-1971\" srcset=\"https:\/\/jakubkolbicz.pl\/wp-content\/uploads\/2021\/07\/lighmoviefestival-42.jpg 800w, https:\/\/jakubkolbicz.pl\/wp-content\/uploads\/2021\/07\/lighmoviefestival-42-300x200.jpg 300w, https:\/\/jakubkolbicz.pl\/wp-content\/uploads\/2021\/07\/lighmoviefestival-42-768x511.jpg 768w\" sizes=\"auto, (max-width: 800px) 100vw, 800px\" \/><\/a><figcaption class=\"wp-element-caption\">Light Move Festival<\/figcaption><\/figure>\n<\/div>\n<\/div>\n\n\n\n<div class=\"wp-block-columns alignwide is-layout-flex wp-container-core-columns-is-layout-9d6595d7 wp-block-columns-is-layout-flex\">\n<div class=\"wp-block-column is-layout-flow wp-block-column-is-layout-flow\"><\/div>\n\n\n\n<div class=\"wp-block-column is-layout-flow wp-block-column-is-layout-flow\">\n<a id=\"E_Light_Festival_Berlin\"><\/a>\n\n\n\n<figure class=\"wp-block-image size-full\"><a href=\"https:\/\/jakubkolbicz.pl\/?page_id=16541\"><img loading=\"lazy\" decoding=\"async\" width=\"800\" height=\"532\" src=\"https:\/\/jakubkolbicz.pl\/wp-content\/uploads\/2023\/03\/LightfestivalBerlin-3.jpg\" alt=\"\" class=\"wp-image-16528\" srcset=\"https:\/\/jakubkolbicz.pl\/wp-content\/uploads\/2023\/03\/LightfestivalBerlin-3.jpg 800w, https:\/\/jakubkolbicz.pl\/wp-content\/uploads\/2023\/03\/LightfestivalBerlin-3-300x200.jpg 300w, https:\/\/jakubkolbicz.pl\/wp-content\/uploads\/2023\/03\/LightfestivalBerlin-3-768x511.jpg 768w\" sizes=\"auto, (max-width: 800px) 100vw, 800px\" \/><\/a><figcaption class=\"wp-element-caption\">Light Festival Berlin<\/figcaption><\/figure>\n<\/div>\n<\/div>\n\n\n\n<div class=\"wp-block-group alignwide has-background\" style=\"background-color:#f3f3f3\"><div class=\"wp-block-group__inner-container is-layout-flow wp-block-group-is-layout-flow\">\n<div style=\"height:40px\" aria-hidden=\"true\" class=\"wp-block-spacer\"><\/div>\n\n\n<div class=\"su-button-center\"><a href=\"https:\/\/jakubkolbicz.pl\/#E_Eventy\" class=\"su-button su-button-style-soft su-button-wide\" style=\"color:#ffffff;background-color:#717171;border-color:#5b5b5b;border-radius:10px\" target=\"_self\" id=\"1\"><span style=\"color:#ffffff;padding:8px 26px;font-size:20px;line-height:30px;border-color:#9c9c9c;border-radius:10px;text-shadow:0px 0px 0px #940000\"><i class=\"sui sui-arrow-left\" style=\"font-size:20px;color:#ecbc2a\"><\/i> STRONA G\u0141\u00d3WNA<\/span><\/a><\/div>\n\n\n\n<div style=\"height:40px\" aria-hidden=\"true\" class=\"wp-block-spacer\"><\/div>\n<\/div><\/div>\n\n\n\n<div class=\"wp-block-group alignfull\"><div class=\"wp-block-group__inner-container is-layout-flow wp-block-group-is-layout-flow\">\n<div class=\"wp-block-group alignwide\"><div class=\"wp-block-group__inner-container is-layout-flow wp-block-group-is-layout-flow\">\n<div style=\"height:50px\" aria-hidden=\"true\" class=\"wp-block-spacer\"><\/div>\n\n\n\n<p><\/p>\n\n\n<div class=\"su-divider su-divider-style-default\" style=\"margin:25px 0;border-width:5px;border-color:#B8B8B8\"><\/div>\n\n\n\n<p><\/p>\n<\/div><\/div>\n<\/div><\/div>\n\n\n\n<p class=\"has-text-align-center\" style=\"font-size:16px\"><strong>Bloki tematyczne<\/strong><\/p>\n\n\n\n<div class=\"wp-block-columns alignwide has-background is-layout-flex wp-container-core-columns-is-layout-9d6595d7 wp-block-columns-is-layout-flex\" style=\"background-color:#f7f7f7\">\n<div class=\"wp-block-column is-layout-flow wp-block-column-is-layout-flow\">\n<figure class=\"wp-block-image size-large\"><a href=\"https:\/\/jakubkolbicz.pl\/?page_id=12487\"><img loading=\"lazy\" decoding=\"async\" width=\"800\" height=\"532\" src=\"https:\/\/jakubkolbicz.pl\/wp-content\/uploads\/2021\/07\/obserwacje-69.jpg\" alt=\"\" class=\"wp-image-1156\" srcset=\"https:\/\/jakubkolbicz.pl\/wp-content\/uploads\/2021\/07\/obserwacje-69.jpg 800w, https:\/\/jakubkolbicz.pl\/wp-content\/uploads\/2021\/07\/obserwacje-69-300x200.jpg 300w, https:\/\/jakubkolbicz.pl\/wp-content\/uploads\/2021\/07\/obserwacje-69-768x511.jpg 768w\" sizes=\"auto, (max-width: 800px) 100vw, 800px\" \/><\/a><figcaption>Osoby i obserwacje<\/figcaption><\/figure>\n<\/div>\n\n\n\n<div class=\"wp-block-column is-layout-flow wp-block-column-is-layout-flow\">\n<figure class=\"wp-block-image size-large\"><a href=\"https:\/\/jakubkolbicz.pl\/?page_id=12531\"><img loading=\"lazy\" decoding=\"async\" width=\"800\" height=\"532\" src=\"https:\/\/jakubkolbicz.pl\/wp-content\/uploads\/2021\/07\/koncerty-14.jpg\" alt=\"\" class=\"wp-image-1480\" srcset=\"https:\/\/jakubkolbicz.pl\/wp-content\/uploads\/2021\/07\/koncerty-14.jpg 800w, https:\/\/jakubkolbicz.pl\/wp-content\/uploads\/2021\/07\/koncerty-14-300x200.jpg 300w, https:\/\/jakubkolbicz.pl\/wp-content\/uploads\/2021\/07\/koncerty-14-768x511.jpg 768w\" sizes=\"auto, (max-width: 800px) 100vw, 800px\" \/><\/a><figcaption>Eventy<\/figcaption><\/figure>\n<\/div>\n\n\n\n<div class=\"wp-block-column is-layout-flow wp-block-column-is-layout-flow\">\n<figure class=\"wp-block-image size-large\"><a href=\"https:\/\/jakubkolbicz.pl\/?page_id=12535\"><img loading=\"lazy\" decoding=\"async\" width=\"800\" height=\"532\" src=\"https:\/\/jakubkolbicz.pl\/wp-content\/uploads\/2021\/07\/samoloty-29.jpg\" alt=\"\" class=\"wp-image-4050\" srcset=\"https:\/\/jakubkolbicz.pl\/wp-content\/uploads\/2021\/07\/samoloty-29.jpg 800w, https:\/\/jakubkolbicz.pl\/wp-content\/uploads\/2021\/07\/samoloty-29-300x200.jpg 300w, https:\/\/jakubkolbicz.pl\/wp-content\/uploads\/2021\/07\/samoloty-29-768x511.jpg 768w\" sizes=\"auto, (max-width: 800px) 100vw, 800px\" \/><\/a><figcaption>Aktywno\u015b\u0107<\/figcaption><\/figure>\n<\/div>\n\n\n\n<div class=\"wp-block-column is-layout-flow wp-block-column-is-layout-flow\">\n<figure class=\"wp-block-image size-large\"><a href=\"https:\/\/jakubkolbicz.pl\/?page_id=12539\"><img loading=\"lazy\" decoding=\"async\" width=\"800\" height=\"532\" src=\"https:\/\/jakubkolbicz.pl\/wp-content\/uploads\/2021\/07\/slonce-45.jpg\" alt=\"\" class=\"wp-image-2297\" srcset=\"https:\/\/jakubkolbicz.pl\/wp-content\/uploads\/2021\/07\/slonce-45.jpg 800w, https:\/\/jakubkolbicz.pl\/wp-content\/uploads\/2021\/07\/slonce-45-300x200.jpg 300w, https:\/\/jakubkolbicz.pl\/wp-content\/uploads\/2021\/07\/slonce-45-768x511.jpg 768w\" sizes=\"auto, (max-width: 800px) 100vw, 800px\" \/><\/a><figcaption>Otoczenie<\/figcaption><\/figure>\n<\/div>\n\n\n\n<div class=\"wp-block-column is-layout-flow wp-block-column-is-layout-flow\">\n<figure class=\"wp-block-image size-large\"><a href=\"https:\/\/jakubkolbicz.pl\/?page_id=12542\"><img loading=\"lazy\" decoding=\"async\" width=\"800\" height=\"532\" src=\"https:\/\/jakubkolbicz.pl\/wp-content\/uploads\/2021\/07\/moje_zwierzaki-8.jpg\" alt=\"\" class=\"wp-image-357\" srcset=\"https:\/\/jakubkolbicz.pl\/wp-content\/uploads\/2021\/07\/moje_zwierzaki-8.jpg 800w, https:\/\/jakubkolbicz.pl\/wp-content\/uploads\/2021\/07\/moje_zwierzaki-8-300x200.jpg 300w, https:\/\/jakubkolbicz.pl\/wp-content\/uploads\/2021\/07\/moje_zwierzaki-8-768x511.jpg 768w\" sizes=\"auto, (max-width: 800px) 100vw, 800px\" \/><\/a><figcaption>Fauna i Flora<\/figcaption><\/figure>\n<\/div>\n\n\n\n<div class=\"wp-block-column is-layout-flow wp-block-column-is-layout-flow\">\n<figure class=\"wp-block-image size-large\"><a href=\"https:\/\/jakubkolbicz.pl\/?page_id=12548\"><img loading=\"lazy\" decoding=\"async\" width=\"800\" height=\"532\" src=\"https:\/\/jakubkolbicz.pl\/wp-content\/uploads\/2021\/07\/auta-12.jpg\" alt=\"\" class=\"wp-image-483\" srcset=\"https:\/\/jakubkolbicz.pl\/wp-content\/uploads\/2021\/07\/auta-12.jpg 800w, https:\/\/jakubkolbicz.pl\/wp-content\/uploads\/2021\/07\/auta-12-300x200.jpg 300w, https:\/\/jakubkolbicz.pl\/wp-content\/uploads\/2021\/07\/auta-12-768x511.jpg 768w\" sizes=\"auto, (max-width: 800px) 100vw, 800px\" \/><\/a><figcaption>Inne spojrzenie<\/figcaption><\/figure>\n<\/div>\n\n\n\n<div class=\"wp-block-column is-layout-flow wp-block-column-is-layout-flow\">\n<figure class=\"wp-block-image size-large\"><a href=\"https:\/\/jakubkolbicz.pl\/?page_id=12551\"><img loading=\"lazy\" decoding=\"async\" width=\"800\" height=\"532\" src=\"https:\/\/jakubkolbicz.pl\/wp-content\/uploads\/2021\/07\/noca-16.jpg\" alt=\"\" class=\"wp-image-4005\" srcset=\"https:\/\/jakubkolbicz.pl\/wp-content\/uploads\/2021\/07\/noca-16.jpg 800w, https:\/\/jakubkolbicz.pl\/wp-content\/uploads\/2021\/07\/noca-16-300x200.jpg 300w, https:\/\/jakubkolbicz.pl\/wp-content\/uploads\/2021\/07\/noca-16-768x511.jpg 768w\" sizes=\"auto, (max-width: 800px) 100vw, 800px\" \/><\/a><figcaption>Troch\u0119 \u015bwiat\u0142a<\/figcaption><\/figure>\n<\/div>\n\n\n\n<div class=\"wp-block-column is-layout-flow wp-block-column-is-layout-flow\">\n<figure class=\"wp-block-image size-large\"><a href=\"https:\/\/jakubkolbicz.pl\/?page_id=12554\"><img loading=\"lazy\" decoding=\"async\" width=\"800\" height=\"532\" src=\"https:\/\/jakubkolbicz.pl\/wp-content\/uploads\/2021\/07\/kamieniolom-11.jpg\" alt=\"\" class=\"wp-image-3103\" srcset=\"https:\/\/jakubkolbicz.pl\/wp-content\/uploads\/2021\/07\/kamieniolom-11.jpg 800w, https:\/\/jakubkolbicz.pl\/wp-content\/uploads\/2021\/07\/kamieniolom-11-300x200.jpg 300w, https:\/\/jakubkolbicz.pl\/wp-content\/uploads\/2021\/07\/kamieniolom-11-768x511.jpg 768w\" sizes=\"auto, (max-width: 800px) 100vw, 800px\" \/><\/a><figcaption>Miejsca<\/figcaption><\/figure>\n<\/div>\n\n\n\n<div class=\"wp-block-column is-layout-flow wp-block-column-is-layout-flow\">\n<figure class=\"wp-block-image size-large\"><a href=\"https:\/\/jakubkolbicz.pl\/?page_id=12557\"><img loading=\"lazy\" decoding=\"async\" width=\"800\" height=\"532\" src=\"https:\/\/jakubkolbicz.pl\/wp-content\/uploads\/2021\/07\/berlin-39.jpg\" alt=\"\" class=\"wp-image-585\" srcset=\"https:\/\/jakubkolbicz.pl\/wp-content\/uploads\/2021\/07\/berlin-39.jpg 800w, https:\/\/jakubkolbicz.pl\/wp-content\/uploads\/2021\/07\/berlin-39-300x200.jpg 300w, https:\/\/jakubkolbicz.pl\/wp-content\/uploads\/2021\/07\/berlin-39-768x511.jpg 768w\" sizes=\"auto, (max-width: 800px) 100vw, 800px\" \/><\/a><figcaption>W gine\u017adzie cz\u0142owieka<\/figcaption><\/figure>\n<\/div>\n<\/div>\n\n\n\n<p><\/p>\n","protected":false},"excerpt":{"rendered":"<p>Koncerty, przedstawienia, pokazy, wystawy, wydarzenia\u2026<\/p>\n","protected":false},"author":1,"featured_media":1480,"parent":1466,"menu_order":0,"comment_status":"closed","ping_status":"closed","template":"","meta":{"footnotes":""},"class_list":["post-12531","page","type-page","status-publish","has-post-thumbnail","hentry"],"_links":{"self":[{"href":"https:\/\/jakubkolbicz.pl\/index.php?rest_route=\/wp\/v2\/pages\/12531","targetHints":{"allow":["GET"]}}],"collection":[{"href":"https:\/\/jakubkolbicz.pl\/index.php?rest_route=\/wp\/v2\/pages"}],"about":[{"href":"https:\/\/jakubkolbicz.pl\/index.php?rest_route=\/wp\/v2\/types\/page"}],"author":[{"embeddable":true,"href":"https:\/\/jakubkolbicz.pl\/index.php?rest_route=\/wp\/v2\/users\/1"}],"replies":[{"embeddable":true,"href":"https:\/\/jakubkolbicz.pl\/index.php?rest_route=%2Fwp%2Fv2%2Fcomments&post=12531"}],"version-history":[{"count":14,"href":"https:\/\/jakubkolbicz.pl\/index.php?rest_route=\/wp\/v2\/pages\/12531\/revisions"}],"predecessor-version":[{"id":16559,"href":"https:\/\/jakubkolbicz.pl\/index.php?rest_route=\/wp\/v2\/pages\/12531\/revisions\/16559"}],"up":[{"embeddable":true,"href":"https:\/\/jakubkolbicz.pl\/index.php?rest_route=\/wp\/v2\/pages\/1466"}],"wp:featuredmedia":[{"embeddable":true,"href":"https:\/\/jakubkolbicz.pl\/index.php?rest_route=\/wp\/v2\/media\/1480"}],"wp:attachment":[{"href":"https:\/\/jakubkolbicz.pl\/index.php?rest_route=%2Fwp%2Fv2%2Fmedia&parent=12531"}],"curies":[{"name":"wp","href":"https:\/\/api.w.org\/{rel}","templated":true}]}}