{"id":12535,"date":"2021-10-10T14:48:42","date_gmt":"2021-10-10T12:48:42","guid":{"rendered":"https:\/\/jakubkolbicz.pl\/?page_id=12535"},"modified":"2026-03-29T21:20:47","modified_gmt":"2026-03-29T19:20:47","slug":"aktywnosc","status":"publish","type":"page","link":"https:\/\/jakubkolbicz.pl\/?page_id=12535","title":{"rendered":"Aktywno\u015b\u0107"},"content":{"rendered":"\n<div class=\"wp-block-group alignwide\"><div class=\"wp-block-group__inner-container is-layout-flow wp-block-group-is-layout-flow\"><div class=\"su-divider su-divider-style-default\" style=\"margin:25px 0;border-width:1px;border-color:#505050\"><\/div>\n<\/div><\/div>\n\n\n\n<div class=\"wp-block-group alignwide\"><div class=\"wp-block-group__inner-container is-layout-flow wp-block-group-is-layout-flow\">\n<p style=\"font-size:16px\"> <strong>R\u00f3\u017cne formy aktywno\u015bci, w tym latanie, rajdy, wy\u015bcigi, mecze, regaty<\/strong> &#8230; <\/p>\n<\/div><\/div>\n\n\n\n<div class=\"wp-block-group alignwide\"><div class=\"wp-block-group__inner-container is-layout-flow wp-block-group-is-layout-flow\"><div class=\"su-divider su-divider-style-default\" style=\"margin:25px 0;border-width:1px;border-color:#505050\"><\/div>\n<\/div><\/div>\n\n\n\n<div class=\"wp-block-group alignwide\"><div class=\"wp-block-group__inner-container is-layout-constrained wp-block-group-is-layout-constrained\">\n<div class=\"wp-block-columns is-layout-flex wp-container-core-columns-is-layout-9d6595d7 wp-block-columns-is-layout-flex\">\n<div class=\"wp-block-column is-layout-flow wp-block-column-is-layout-flow\">\n<a id=\"E_Latanie\"><\/a>\n\n\n\n<figure class=\"wp-block-image size-full\"><a href=\"https:\/\/jakubkolbicz.pl\/?page_id=4079\"><img loading=\"lazy\" decoding=\"async\" width=\"800\" height=\"532\" src=\"https:\/\/jakubkolbicz.pl\/wp-content\/uploads\/2021\/07\/samoloty-43.jpg\" alt=\"\" class=\"wp-image-4064\" srcset=\"https:\/\/jakubkolbicz.pl\/wp-content\/uploads\/2021\/07\/samoloty-43.jpg 800w, https:\/\/jakubkolbicz.pl\/wp-content\/uploads\/2021\/07\/samoloty-43-300x200.jpg 300w, https:\/\/jakubkolbicz.pl\/wp-content\/uploads\/2021\/07\/samoloty-43-768x511.jpg 768w\" sizes=\"auto, (max-width: 800px) 100vw, 800px\" \/><\/a><figcaption class=\"wp-element-caption\">Samoloty i nie tylko<\/figcaption><\/figure>\n<\/div>\n\n\n\n<div class=\"wp-block-column is-vertically-aligned-center is-layout-flow wp-block-column-is-layout-flow\">\n<div class=\"wp-block-columns is-layout-flex wp-container-core-columns-is-layout-9d6595d7 wp-block-columns-is-layout-flex\">\n<div class=\"wp-block-column is-layout-flow wp-block-column-is-layout-flow\">\n<a id=\"E_Balony\"><\/a>\n\n\n\n<figure class=\"wp-block-image size-full\"><a href=\"https:\/\/jakubkolbicz.pl\/?page_id=3743\"><img loading=\"lazy\" decoding=\"async\" width=\"800\" height=\"532\" src=\"https:\/\/jakubkolbicz.pl\/wp-content\/uploads\/2021\/07\/balony-3.jpg\" alt=\"\" class=\"wp-image-543\" srcset=\"https:\/\/jakubkolbicz.pl\/wp-content\/uploads\/2021\/07\/balony-3.jpg 800w, https:\/\/jakubkolbicz.pl\/wp-content\/uploads\/2021\/07\/balony-3-300x200.jpg 300w, https:\/\/jakubkolbicz.pl\/wp-content\/uploads\/2021\/07\/balony-3-768x511.jpg 768w\" sizes=\"auto, (max-width: 800px) 100vw, 800px\" \/><\/a><figcaption class=\"wp-element-caption\">Balony<\/figcaption><\/figure>\n<\/div>\n\n\n\n<div class=\"wp-block-column is-layout-flow wp-block-column-is-layout-flow\">\n<a id=\"E_F1\"><\/a>\n\n\n\n<figure class=\"wp-block-image size-full\"><a href=\"https:\/\/jakubkolbicz.pl\/?page_id=4443\"><img loading=\"lazy\" decoding=\"async\" width=\"800\" height=\"532\" src=\"https:\/\/jakubkolbicz.pl\/wp-content\/uploads\/2021\/07\/f1-2.jpg\" alt=\"\" class=\"wp-image-4385\" srcset=\"https:\/\/jakubkolbicz.pl\/wp-content\/uploads\/2021\/07\/f1-2.jpg 800w, https:\/\/jakubkolbicz.pl\/wp-content\/uploads\/2021\/07\/f1-2-300x200.jpg 300w, https:\/\/jakubkolbicz.pl\/wp-content\/uploads\/2021\/07\/f1-2-768x511.jpg 768w\" sizes=\"auto, (max-width: 800px) 100vw, 800px\" \/><\/a><figcaption class=\"wp-element-caption\">F1<\/figcaption><\/figure>\n<\/div>\n\n\n\n<div class=\"wp-block-column is-layout-flow wp-block-column-is-layout-flow\">\n<a id=\"E_Kitesurfing\"><\/a>\n\n\n\n<figure class=\"wp-block-image size-full\"><a href=\"https:\/\/jakubkolbicz.pl\/?page_id=4965\"><img loading=\"lazy\" decoding=\"async\" width=\"800\" height=\"532\" src=\"https:\/\/jakubkolbicz.pl\/wp-content\/uploads\/2021\/07\/kitesurfing-5.jpg\" alt=\"\" class=\"wp-image-4961\" srcset=\"https:\/\/jakubkolbicz.pl\/wp-content\/uploads\/2021\/07\/kitesurfing-5.jpg 800w, https:\/\/jakubkolbicz.pl\/wp-content\/uploads\/2021\/07\/kitesurfing-5-300x200.jpg 300w, https:\/\/jakubkolbicz.pl\/wp-content\/uploads\/2021\/07\/kitesurfing-5-768x511.jpg 768w\" sizes=\"auto, (max-width: 800px) 100vw, 800px\" \/><\/a><figcaption class=\"wp-element-caption\">Kitesurfing<\/figcaption><\/figure>\n<\/div>\n<\/div>\n\n\n\n<div class=\"wp-block-columns is-layout-flex wp-container-core-columns-is-layout-9d6595d7 wp-block-columns-is-layout-flex\">\n<div class=\"wp-block-column is-layout-flow wp-block-column-is-layout-flow\">\n<a id=\"E_Orlentrophy\"><\/a>\n\n\n\n<figure class=\"wp-block-image size-full\"><a href=\"https:\/\/jakubkolbicz.pl\/?page_id=7044\"><img loading=\"lazy\" decoding=\"async\" width=\"800\" height=\"532\" src=\"https:\/\/jakubkolbicz.pl\/wp-content\/uploads\/2021\/07\/orlentrophy-45.jpg\" alt=\"\" class=\"wp-image-6988\" srcset=\"https:\/\/jakubkolbicz.pl\/wp-content\/uploads\/2021\/07\/orlentrophy-45.jpg 800w, https:\/\/jakubkolbicz.pl\/wp-content\/uploads\/2021\/07\/orlentrophy-45-300x200.jpg 300w, https:\/\/jakubkolbicz.pl\/wp-content\/uploads\/2021\/07\/orlentrophy-45-768x511.jpg 768w\" sizes=\"auto, (max-width: 800px) 100vw, 800px\" \/><\/a><figcaption class=\"wp-element-caption\">Orlentrophy<\/figcaption><\/figure>\n<\/div>\n\n\n\n<div class=\"wp-block-column is-layout-flow wp-block-column-is-layout-flow\">\n<a id=\"E_Zagle\"><\/a>\n\n\n\n<figure class=\"wp-block-image size-full\"><a href=\"https:\/\/jakubkolbicz.pl\/?page_id=9448\"><img loading=\"lazy\" decoding=\"async\" width=\"800\" height=\"532\" src=\"https:\/\/jakubkolbicz.pl\/wp-content\/uploads\/2021\/07\/zagle-2.jpg\" alt=\"\" class=\"wp-image-9438\" srcset=\"https:\/\/jakubkolbicz.pl\/wp-content\/uploads\/2021\/07\/zagle-2.jpg 800w, https:\/\/jakubkolbicz.pl\/wp-content\/uploads\/2021\/07\/zagle-2-300x200.jpg 300w, https:\/\/jakubkolbicz.pl\/wp-content\/uploads\/2021\/07\/zagle-2-768x511.jpg 768w\" sizes=\"auto, (max-width: 800px) 100vw, 800px\" \/><\/a><figcaption class=\"wp-element-caption\">\u017bagle<\/figcaption><\/figure>\n<\/div>\n\n\n\n<div class=\"wp-block-column is-layout-flow wp-block-column-is-layout-flow\">\n<a id=\"E_Siatkowka\"><\/a>\n\n\n\n<figure class=\"wp-block-image size-full\"><a href=\"https:\/\/jakubkolbicz.pl\/?page_id=8179\"><img loading=\"lazy\" decoding=\"async\" width=\"800\" height=\"532\" src=\"https:\/\/jakubkolbicz.pl\/wp-content\/uploads\/2021\/07\/siatkowka-8.jpg\" alt=\"\" class=\"wp-image-8154\" srcset=\"https:\/\/jakubkolbicz.pl\/wp-content\/uploads\/2021\/07\/siatkowka-8.jpg 800w, https:\/\/jakubkolbicz.pl\/wp-content\/uploads\/2021\/07\/siatkowka-8-300x200.jpg 300w, https:\/\/jakubkolbicz.pl\/wp-content\/uploads\/2021\/07\/siatkowka-8-768x511.jpg 768w\" sizes=\"auto, (max-width: 800px) 100vw, 800px\" \/><\/a><figcaption class=\"wp-element-caption\">Siatk\u00f3wka<\/figcaption><\/figure>\n<\/div>\n<\/div>\n<\/div>\n<\/div>\n<\/div><\/div>\n\n\n\n<div class=\"wp-block-columns alignwide is-layout-flex wp-container-core-columns-is-layout-9d6595d7 wp-block-columns-is-layout-flex\">\n<div class=\"wp-block-column is-layout-flow wp-block-column-is-layout-flow\">\n<a id=\"E_Orlen_Polish_Open\"><\/a>\n\n\n\n<figure class=\"wp-block-image size-full\"><a href=\"https:\/\/jakubkolbicz.pl\/?page_id=6950\"><img loading=\"lazy\" decoding=\"async\" width=\"800\" height=\"532\" src=\"https:\/\/jakubkolbicz.pl\/wp-content\/uploads\/2021\/07\/orlen_polish_open-85.jpg\" alt=\"\" class=\"wp-image-6908\" srcset=\"https:\/\/jakubkolbicz.pl\/wp-content\/uploads\/2021\/07\/orlen_polish_open-85.jpg 800w, https:\/\/jakubkolbicz.pl\/wp-content\/uploads\/2021\/07\/orlen_polish_open-85-300x200.jpg 300w, https:\/\/jakubkolbicz.pl\/wp-content\/uploads\/2021\/07\/orlen_polish_open-85-768x511.jpg 768w\" sizes=\"auto, (max-width: 800px) 100vw, 800px\" \/><\/a><figcaption class=\"wp-element-caption\">Orlen Polish Open<\/figcaption><\/figure>\n<\/div>\n\n\n\n<div class=\"wp-block-column is-layout-flow wp-block-column-is-layout-flow\">\n<a id=\"E_Rajd_Polski\"><\/a>\n\n\n\n<figure class=\"wp-block-image size-full\"><a href=\"https:\/\/jakubkolbicz.pl\/?page_id=7728\"><img loading=\"lazy\" decoding=\"async\" width=\"800\" height=\"532\" src=\"https:\/\/jakubkolbicz.pl\/wp-content\/uploads\/2021\/07\/rajd_polski-11.jpg\" alt=\"\" class=\"wp-image-7726\" srcset=\"https:\/\/jakubkolbicz.pl\/wp-content\/uploads\/2021\/07\/rajd_polski-11.jpg 800w, https:\/\/jakubkolbicz.pl\/wp-content\/uploads\/2021\/07\/rajd_polski-11-300x200.jpg 300w, https:\/\/jakubkolbicz.pl\/wp-content\/uploads\/2021\/07\/rajd_polski-11-768x511.jpg 768w\" sizes=\"auto, (max-width: 800px) 100vw, 800px\" \/><\/a><figcaption class=\"wp-element-caption\">Rajd polski<\/figcaption><\/figure>\n<\/div>\n\n\n\n<div class=\"wp-block-column is-layout-flow wp-block-column-is-layout-flow\"><\/div>\n\n\n\n<div class=\"wp-block-column is-layout-flow wp-block-column-is-layout-flow\"><\/div>\n<\/div>\n\n\n\n<p><\/p>\n\n\n\n<div class=\"wp-block-group alignwide has-background\" style=\"background-color:#f3f3f3\"><div class=\"wp-block-group__inner-container is-layout-flow wp-block-group-is-layout-flow\">\n<div style=\"height:40px\" aria-hidden=\"true\" class=\"wp-block-spacer\"><\/div>\n\n\n<div class=\"su-button-center\"><a href=\"https:\/\/jakubkolbicz.pl\/#E_Aktywnosc\" class=\"su-button su-button-style-soft su-button-wide\" style=\"color:#ffffff;background-color:#717171;border-color:#5b5b5b;border-radius:10px\" target=\"_self\" id=\"1\"><span style=\"color:#ffffff;padding:8px 26px;font-size:20px;line-height:30px;border-color:#9c9c9c;border-radius:10px;text-shadow:0px 0px 0px #940000\"><i class=\"sui sui-arrow-left\" style=\"font-size:20px;color:#ecbc2a\"><\/i> STRONA G\u0141\u00d3WNA<\/span><\/a><\/div>\n\n\n\n<div style=\"height:40px\" aria-hidden=\"true\" class=\"wp-block-spacer\"><\/div>\n<\/div><\/div>\n\n\n\n<p><\/p>\n\n\n\n<div class=\"wp-block-group alignfull\"><div class=\"wp-block-group__inner-container is-layout-flow wp-block-group-is-layout-flow\">\n<div class=\"wp-block-group alignwide\"><div class=\"wp-block-group__inner-container is-layout-flow wp-block-group-is-layout-flow\">\n<div style=\"height:50px\" aria-hidden=\"true\" class=\"wp-block-spacer\"><\/div>\n\n\n\n<p><\/p>\n\n\n<div class=\"su-divider su-divider-style-default\" style=\"margin:25px 0;border-width:5px;border-color:#B8B8B8\"><\/div>\n\n\n\n<p><\/p>\n<\/div><\/div>\n<\/div><\/div>\n\n\n\n<p class=\"has-text-align-center\" style=\"font-size:16px\"><strong>Bloki tematyczne<\/strong><\/p>\n\n\n\n<div class=\"wp-block-columns alignwide has-background is-layout-flex wp-container-core-columns-is-layout-9d6595d7 wp-block-columns-is-layout-flex\" style=\"background-color:#f7f7f7\">\n<div class=\"wp-block-column is-layout-flow wp-block-column-is-layout-flow\">\n<figure class=\"wp-block-image size-large\"><a href=\"https:\/\/jakubkolbicz.pl\/?page_id=12487\"><img loading=\"lazy\" decoding=\"async\" width=\"800\" height=\"532\" src=\"https:\/\/jakubkolbicz.pl\/wp-content\/uploads\/2021\/07\/obserwacje-69.jpg\" alt=\"\" class=\"wp-image-1156\" srcset=\"https:\/\/jakubkolbicz.pl\/wp-content\/uploads\/2021\/07\/obserwacje-69.jpg 800w, https:\/\/jakubkolbicz.pl\/wp-content\/uploads\/2021\/07\/obserwacje-69-300x200.jpg 300w, https:\/\/jakubkolbicz.pl\/wp-content\/uploads\/2021\/07\/obserwacje-69-768x511.jpg 768w\" sizes=\"auto, (max-width: 800px) 100vw, 800px\" \/><\/a><figcaption>Osoby i obserwacje<\/figcaption><\/figure>\n<\/div>\n\n\n\n<div class=\"wp-block-column is-layout-flow wp-block-column-is-layout-flow\">\n<figure class=\"wp-block-image size-large\"><a href=\"https:\/\/jakubkolbicz.pl\/?page_id=12531\"><img loading=\"lazy\" decoding=\"async\" width=\"800\" height=\"532\" src=\"https:\/\/jakubkolbicz.pl\/wp-content\/uploads\/2021\/07\/koncerty-14.jpg\" alt=\"\" class=\"wp-image-1480\" srcset=\"https:\/\/jakubkolbicz.pl\/wp-content\/uploads\/2021\/07\/koncerty-14.jpg 800w, https:\/\/jakubkolbicz.pl\/wp-content\/uploads\/2021\/07\/koncerty-14-300x200.jpg 300w, https:\/\/jakubkolbicz.pl\/wp-content\/uploads\/2021\/07\/koncerty-14-768x511.jpg 768w\" sizes=\"auto, (max-width: 800px) 100vw, 800px\" \/><\/a><figcaption>Eventy<\/figcaption><\/figure>\n<\/div>\n\n\n\n<div class=\"wp-block-column is-layout-flow wp-block-column-is-layout-flow\">\n<figure class=\"wp-block-image size-large\"><a href=\"https:\/\/jakubkolbicz.pl\/?page_id=12535\"><img loading=\"lazy\" decoding=\"async\" width=\"800\" height=\"532\" src=\"https:\/\/jakubkolbicz.pl\/wp-content\/uploads\/2021\/07\/samoloty-29.jpg\" alt=\"\" class=\"wp-image-4050\" srcset=\"https:\/\/jakubkolbicz.pl\/wp-content\/uploads\/2021\/07\/samoloty-29.jpg 800w, https:\/\/jakubkolbicz.pl\/wp-content\/uploads\/2021\/07\/samoloty-29-300x200.jpg 300w, https:\/\/jakubkolbicz.pl\/wp-content\/uploads\/2021\/07\/samoloty-29-768x511.jpg 768w\" sizes=\"auto, (max-width: 800px) 100vw, 800px\" \/><\/a><figcaption>Aktywno\u015b\u0107<\/figcaption><\/figure>\n<\/div>\n\n\n\n<div class=\"wp-block-column is-layout-flow wp-block-column-is-layout-flow\">\n<figure class=\"wp-block-image size-large\"><a href=\"https:\/\/jakubkolbicz.pl\/?page_id=12539\"><img loading=\"lazy\" decoding=\"async\" width=\"800\" height=\"532\" src=\"https:\/\/jakubkolbicz.pl\/wp-content\/uploads\/2021\/07\/slonce-45.jpg\" alt=\"\" class=\"wp-image-2297\" srcset=\"https:\/\/jakubkolbicz.pl\/wp-content\/uploads\/2021\/07\/slonce-45.jpg 800w, https:\/\/jakubkolbicz.pl\/wp-content\/uploads\/2021\/07\/slonce-45-300x200.jpg 300w, https:\/\/jakubkolbicz.pl\/wp-content\/uploads\/2021\/07\/slonce-45-768x511.jpg 768w\" sizes=\"auto, (max-width: 800px) 100vw, 800px\" \/><\/a><figcaption>Otoczenie<\/figcaption><\/figure>\n<\/div>\n\n\n\n<div class=\"wp-block-column is-layout-flow wp-block-column-is-layout-flow\">\n<figure class=\"wp-block-image size-large\"><a href=\"https:\/\/jakubkolbicz.pl\/?page_id=12542\"><img loading=\"lazy\" decoding=\"async\" width=\"800\" height=\"532\" src=\"https:\/\/jakubkolbicz.pl\/wp-content\/uploads\/2021\/07\/moje_zwierzaki-8.jpg\" alt=\"\" class=\"wp-image-357\" srcset=\"https:\/\/jakubkolbicz.pl\/wp-content\/uploads\/2021\/07\/moje_zwierzaki-8.jpg 800w, https:\/\/jakubkolbicz.pl\/wp-content\/uploads\/2021\/07\/moje_zwierzaki-8-300x200.jpg 300w, https:\/\/jakubkolbicz.pl\/wp-content\/uploads\/2021\/07\/moje_zwierzaki-8-768x511.jpg 768w\" sizes=\"auto, (max-width: 800px) 100vw, 800px\" \/><\/a><figcaption>Fauna i Flora<\/figcaption><\/figure>\n<\/div>\n\n\n\n<div class=\"wp-block-column is-layout-flow wp-block-column-is-layout-flow\">\n<figure class=\"wp-block-image size-large\"><a href=\"https:\/\/jakubkolbicz.pl\/?page_id=12548\"><img loading=\"lazy\" decoding=\"async\" width=\"800\" height=\"532\" src=\"https:\/\/jakubkolbicz.pl\/wp-content\/uploads\/2021\/07\/auta-12.jpg\" alt=\"\" class=\"wp-image-483\" srcset=\"https:\/\/jakubkolbicz.pl\/wp-content\/uploads\/2021\/07\/auta-12.jpg 800w, https:\/\/jakubkolbicz.pl\/wp-content\/uploads\/2021\/07\/auta-12-300x200.jpg 300w, https:\/\/jakubkolbicz.pl\/wp-content\/uploads\/2021\/07\/auta-12-768x511.jpg 768w\" sizes=\"auto, (max-width: 800px) 100vw, 800px\" \/><\/a><figcaption>Inne spojrzenie<\/figcaption><\/figure>\n<\/div>\n\n\n\n<div class=\"wp-block-column is-layout-flow wp-block-column-is-layout-flow\">\n<figure class=\"wp-block-image size-large\"><a href=\"https:\/\/jakubkolbicz.pl\/?page_id=12551\"><img loading=\"lazy\" decoding=\"async\" width=\"800\" height=\"532\" src=\"https:\/\/jakubkolbicz.pl\/wp-content\/uploads\/2021\/07\/noca-16.jpg\" alt=\"\" class=\"wp-image-4005\" srcset=\"https:\/\/jakubkolbicz.pl\/wp-content\/uploads\/2021\/07\/noca-16.jpg 800w, https:\/\/jakubkolbicz.pl\/wp-content\/uploads\/2021\/07\/noca-16-300x200.jpg 300w, https:\/\/jakubkolbicz.pl\/wp-content\/uploads\/2021\/07\/noca-16-768x511.jpg 768w\" sizes=\"auto, (max-width: 800px) 100vw, 800px\" \/><\/a><figcaption>Troch\u0119 \u015bwiat\u0142a<\/figcaption><\/figure>\n<\/div>\n\n\n\n<div class=\"wp-block-column is-layout-flow wp-block-column-is-layout-flow\">\n<figure class=\"wp-block-image size-large\"><a href=\"https:\/\/jakubkolbicz.pl\/?page_id=12554\"><img loading=\"lazy\" decoding=\"async\" width=\"800\" height=\"532\" src=\"https:\/\/jakubkolbicz.pl\/wp-content\/uploads\/2021\/07\/kamieniolom-11.jpg\" alt=\"\" class=\"wp-image-3103\" srcset=\"https:\/\/jakubkolbicz.pl\/wp-content\/uploads\/2021\/07\/kamieniolom-11.jpg 800w, https:\/\/jakubkolbicz.pl\/wp-content\/uploads\/2021\/07\/kamieniolom-11-300x200.jpg 300w, https:\/\/jakubkolbicz.pl\/wp-content\/uploads\/2021\/07\/kamieniolom-11-768x511.jpg 768w\" sizes=\"auto, (max-width: 800px) 100vw, 800px\" \/><\/a><figcaption>Miejsca<\/figcaption><\/figure>\n<\/div>\n\n\n\n<div class=\"wp-block-column is-layout-flow wp-block-column-is-layout-flow\">\n<figure class=\"wp-block-image size-large\"><a href=\"https:\/\/jakubkolbicz.pl\/?page_id=12557\"><img loading=\"lazy\" decoding=\"async\" width=\"800\" height=\"532\" src=\"https:\/\/jakubkolbicz.pl\/wp-content\/uploads\/2021\/07\/berlin-39.jpg\" alt=\"\" class=\"wp-image-585\" srcset=\"https:\/\/jakubkolbicz.pl\/wp-content\/uploads\/2021\/07\/berlin-39.jpg 800w, https:\/\/jakubkolbicz.pl\/wp-content\/uploads\/2021\/07\/berlin-39-300x200.jpg 300w, https:\/\/jakubkolbicz.pl\/wp-content\/uploads\/2021\/07\/berlin-39-768x511.jpg 768w\" sizes=\"auto, (max-width: 800px) 100vw, 800px\" \/><\/a><figcaption>W gine\u017adzie cz\u0142owieka<\/figcaption><\/figure>\n<\/div>\n<\/div>\n\n\n\n<p><\/p>\n","protected":false},"excerpt":{"rendered":"<p>R\u00f3\u017cne formy aktywno\u015bci, w tym latanie, rajdy, wy\u015bcigi, mecze, regaty &#8230;<\/p>\n","protected":false},"author":1,"featured_media":4050,"parent":1466,"menu_order":0,"comment_status":"closed","ping_status":"closed","template":"","meta":{"footnotes":""},"class_list":["post-12535","page","type-page","status-publish","has-post-thumbnail","hentry"],"_links":{"self":[{"href":"https:\/\/jakubkolbicz.pl\/index.php?rest_route=\/wp\/v2\/pages\/12535","targetHints":{"allow":["GET"]}}],"collection":[{"href":"https:\/\/jakubkolbicz.pl\/index.php?rest_route=\/wp\/v2\/pages"}],"about":[{"href":"https:\/\/jakubkolbicz.pl\/index.php?rest_route=\/wp\/v2\/types\/page"}],"author":[{"embeddable":true,"href":"https:\/\/jakubkolbicz.pl\/index.php?rest_route=\/wp\/v2\/users\/1"}],"replies":[{"embeddable":true,"href":"https:\/\/jakubkolbicz.pl\/index.php?rest_route=%2Fwp%2Fv2%2Fcomments&post=12535"}],"version-history":[{"count":11,"href":"https:\/\/jakubkolbicz.pl\/index.php?rest_route=\/wp\/v2\/pages\/12535\/revisions"}],"predecessor-version":[{"id":20087,"href":"https:\/\/jakubkolbicz.pl\/index.php?rest_route=\/wp\/v2\/pages\/12535\/revisions\/20087"}],"up":[{"embeddable":true,"href":"https:\/\/jakubkolbicz.pl\/index.php?rest_route=\/wp\/v2\/pages\/1466"}],"wp:featuredmedia":[{"embeddable":true,"href":"https:\/\/jakubkolbicz.pl\/index.php?rest_route=\/wp\/v2\/media\/4050"}],"wp:attachment":[{"href":"https:\/\/jakubkolbicz.pl\/index.php?rest_route=%2Fwp%2Fv2%2Fmedia&parent=12535"}],"curies":[{"name":"wp","href":"https:\/\/api.w.org\/{rel}","templated":true}]}}