{"id":3743,"date":"2021-07-16T21:18:02","date_gmt":"2021-07-16T19:18:02","guid":{"rendered":"https:\/\/jakubkolbicz.pl\/?page_id=3743"},"modified":"2023-03-25T16:14:21","modified_gmt":"2023-03-25T15:14:21","slug":"balony","status":"publish","type":"page","link":"https:\/\/jakubkolbicz.pl\/?page_id=3743","title":{"rendered":"Balony"},"content":{"rendered":"\n<div class=\"wp-block-group alignfull\"><div class=\"wp-block-group__inner-container is-layout-flow wp-block-group-is-layout-flow\"><style type=\"text\/css\">\n#foogallery-gallery-3742.fg-masonry .fg-item { width: 310px; }\n#foogallery-gallery-3742.fg-masonry { --fg-gutter: 15px; }<\/style>\n\t\t\t<div class=\"foogallery foogallery-container foogallery-masonry foogallery-lightbox-foobox fg-center fg-masonry fg-ready fg-light fg-loading-default fg-loaded-fade-in fg-captions-bottom fg-hover-fade fg-hover-zoom3 fg-fixed\" id=\"foogallery-gallery-3742\" data-foogallery=\"{&quot;item&quot;:{&quot;showCaptionTitle&quot;:false,&quot;showCaptionDescription&quot;:false},&quot;lazy&quot;:true,&quot;paging&quot;:{&quot;type&quot;:&quot;dots&quot;,&quot;size&quot;:35,&quot;position&quot;:&quot;both&quot;,&quot;scrollToTop&quot;:true,&quot;output&quot;:&quot;html&quot;,&quot;theme&quot;:&quot;fg-light&quot;},&quot;template&quot;:{&quot;columnWidth&quot;:310,&quot;gutter&quot;:15}}\" style=\"--fg-title-line-clamp: 0; --fg-description-line-clamp: 0;\" >\n\t\t<div class=\"fg-item fg-type-image fg-idle\"><figure class=\"fg-item-inner\"><a href=\"https:\/\/jakubkolbicz.pl\/wp-content\/uploads\/2021\/07\/balony-10.jpg\" data-attachment-id=\"550\" data-type=\"image\" class=\"fg-thumb\"><span class=\"fg-image-wrap\"><img fetchpriority=\"high\" decoding=\"async\" width=\"310\" height=\"466\" class=\"skip-lazy fg-image\" data-src-fg=\"https:\/\/jakubkolbicz.pl\/wp-content\/uploads\/cache\/2021\/07\/balony-10\/3598062286.jpg\" src=\"data:image\/svg+xml,%3Csvg%20xmlns%3D%22http%3A%2F%2Fwww.w3.org%2F2000%2Fsvg%22%20width%3D%22310%22%20height%3D%22466%22%20viewBox%3D%220%200%20310%20466%22%3E%3C%2Fsvg%3E\" loading=\"eager\"><\/span><span class=\"fg-image-overlay\"><\/span><\/a><\/figure><div class=\"fg-loader\"><\/div><\/div><div class=\"fg-item fg-type-image fg-idle\"><figure class=\"fg-item-inner\"><a href=\"https:\/\/jakubkolbicz.pl\/wp-content\/uploads\/2021\/07\/balony-9.jpg\" data-attachment-id=\"549\" data-type=\"image\" class=\"fg-thumb\"><span class=\"fg-image-wrap\"><img decoding=\"async\" width=\"310\" height=\"466\" class=\"skip-lazy fg-image\" data-src-fg=\"https:\/\/jakubkolbicz.pl\/wp-content\/uploads\/cache\/2021\/07\/balony-9\/2120222100.jpg\" src=\"data:image\/svg+xml,%3Csvg%20xmlns%3D%22http%3A%2F%2Fwww.w3.org%2F2000%2Fsvg%22%20width%3D%22310%22%20height%3D%22466%22%20viewBox%3D%220%200%20310%20466%22%3E%3C%2Fsvg%3E\" loading=\"eager\"><\/span><span class=\"fg-image-overlay\"><\/span><\/a><\/figure><div class=\"fg-loader\"><\/div><\/div><div class=\"fg-item fg-type-image fg-idle\"><figure class=\"fg-item-inner\"><a href=\"https:\/\/jakubkolbicz.pl\/wp-content\/uploads\/2021\/07\/balony-8.jpg\" data-attachment-id=\"548\" data-type=\"image\" class=\"fg-thumb\"><span class=\"fg-image-wrap\"><img decoding=\"async\" width=\"310\" height=\"466\" class=\"skip-lazy fg-image\" data-src-fg=\"https:\/\/jakubkolbicz.pl\/wp-content\/uploads\/cache\/2021\/07\/balony-8\/3707147322.jpg\" src=\"data:image\/svg+xml,%3Csvg%20xmlns%3D%22http%3A%2F%2Fwww.w3.org%2F2000%2Fsvg%22%20width%3D%22310%22%20height%3D%22466%22%20viewBox%3D%220%200%20310%20466%22%3E%3C%2Fsvg%3E\" loading=\"eager\"><\/span><span class=\"fg-image-overlay\"><\/span><\/a><\/figure><div class=\"fg-loader\"><\/div><\/div><div class=\"fg-item fg-type-image fg-idle\"><figure class=\"fg-item-inner\"><a href=\"https:\/\/jakubkolbicz.pl\/wp-content\/uploads\/2021\/07\/balony-7.jpg\" data-attachment-id=\"547\" data-type=\"image\" class=\"fg-thumb\"><span class=\"fg-image-wrap\"><img decoding=\"async\" width=\"310\" height=\"466\" class=\"skip-lazy fg-image\" data-src-fg=\"https:\/\/jakubkolbicz.pl\/wp-content\/uploads\/cache\/2021\/07\/balony-7\/968749178.jpg\" src=\"data:image\/svg+xml,%3Csvg%20xmlns%3D%22http%3A%2F%2Fwww.w3.org%2F2000%2Fsvg%22%20width%3D%22310%22%20height%3D%22466%22%20viewBox%3D%220%200%20310%20466%22%3E%3C%2Fsvg%3E\" loading=\"eager\"><\/span><span class=\"fg-image-overlay\"><\/span><\/a><\/figure><div class=\"fg-loader\"><\/div><\/div><div class=\"fg-item fg-type-image fg-idle\"><figure class=\"fg-item-inner\"><a href=\"https:\/\/jakubkolbicz.pl\/wp-content\/uploads\/2021\/07\/balony-6.jpg\" data-attachment-id=\"546\" data-type=\"image\" class=\"fg-thumb\"><span class=\"fg-image-wrap\"><img decoding=\"async\" width=\"310\" height=\"466\" class=\"skip-lazy fg-image\" data-src-fg=\"https:\/\/jakubkolbicz.pl\/wp-content\/uploads\/cache\/2021\/07\/balony-6\/2977981419.jpg\" src=\"data:image\/svg+xml,%3Csvg%20xmlns%3D%22http%3A%2F%2Fwww.w3.org%2F2000%2Fsvg%22%20width%3D%22310%22%20height%3D%22466%22%20viewBox%3D%220%200%20310%20466%22%3E%3C%2Fsvg%3E\" loading=\"eager\"><\/span><span class=\"fg-image-overlay\"><\/span><\/a><\/figure><div class=\"fg-loader\"><\/div><\/div><div class=\"fg-item fg-type-image fg-idle\"><figure class=\"fg-item-inner\"><a href=\"https:\/\/jakubkolbicz.pl\/wp-content\/uploads\/2021\/07\/balony-5.jpg\" data-attachment-id=\"545\" data-type=\"image\" class=\"fg-thumb\"><span class=\"fg-image-wrap\"><img decoding=\"async\" width=\"310\" height=\"206\" class=\"skip-lazy fg-image\" data-src-fg=\"https:\/\/jakubkolbicz.pl\/wp-content\/uploads\/cache\/2021\/07\/balony-5\/2370492248.jpg\" src=\"data:image\/svg+xml,%3Csvg%20xmlns%3D%22http%3A%2F%2Fwww.w3.org%2F2000%2Fsvg%22%20width%3D%22310%22%20height%3D%22206%22%20viewBox%3D%220%200%20310%20206%22%3E%3C%2Fsvg%3E\" loading=\"eager\"><\/span><span class=\"fg-image-overlay\"><\/span><\/a><\/figure><div class=\"fg-loader\"><\/div><\/div><div class=\"fg-item fg-type-image fg-idle\"><figure class=\"fg-item-inner\"><a href=\"https:\/\/jakubkolbicz.pl\/wp-content\/uploads\/2021\/07\/balony-4.jpg\" data-attachment-id=\"544\" data-type=\"image\" class=\"fg-thumb\"><span class=\"fg-image-wrap\"><img decoding=\"async\" width=\"310\" height=\"206\" class=\"skip-lazy fg-image\" data-src-fg=\"https:\/\/jakubkolbicz.pl\/wp-content\/uploads\/cache\/2021\/07\/balony-4\/802965238.jpg\" src=\"data:image\/svg+xml,%3Csvg%20xmlns%3D%22http%3A%2F%2Fwww.w3.org%2F2000%2Fsvg%22%20width%3D%22310%22%20height%3D%22206%22%20viewBox%3D%220%200%20310%20206%22%3E%3C%2Fsvg%3E\" loading=\"eager\"><\/span><span class=\"fg-image-overlay\"><\/span><\/a><\/figure><div class=\"fg-loader\"><\/div><\/div><div class=\"fg-item fg-type-image fg-idle\"><figure class=\"fg-item-inner\"><a href=\"https:\/\/jakubkolbicz.pl\/wp-content\/uploads\/2021\/07\/balony-3.jpg\" data-attachment-id=\"543\" data-type=\"image\" class=\"fg-thumb\"><span class=\"fg-image-wrap\"><img decoding=\"async\" width=\"310\" height=\"206\" class=\"skip-lazy fg-image\" data-src-fg=\"https:\/\/jakubkolbicz.pl\/wp-content\/uploads\/cache\/2021\/07\/balony-3\/4108303934.jpg\" src=\"data:image\/svg+xml,%3Csvg%20xmlns%3D%22http%3A%2F%2Fwww.w3.org%2F2000%2Fsvg%22%20width%3D%22310%22%20height%3D%22206%22%20viewBox%3D%220%200%20310%20206%22%3E%3C%2Fsvg%3E\" loading=\"eager\"><\/span><span class=\"fg-image-overlay\"><\/span><\/a><\/figure><div class=\"fg-loader\"><\/div><\/div><div class=\"fg-item fg-type-image fg-idle\"><figure class=\"fg-item-inner\"><a href=\"https:\/\/jakubkolbicz.pl\/wp-content\/uploads\/2021\/07\/balony-2.jpg\" data-attachment-id=\"542\" data-type=\"image\" class=\"fg-thumb\"><span class=\"fg-image-wrap\"><img decoding=\"async\" width=\"310\" height=\"206\" class=\"skip-lazy fg-image\" data-src-fg=\"https:\/\/jakubkolbicz.pl\/wp-content\/uploads\/cache\/2021\/07\/balony-2\/1447636880.jpg\" src=\"data:image\/svg+xml,%3Csvg%20xmlns%3D%22http%3A%2F%2Fwww.w3.org%2F2000%2Fsvg%22%20width%3D%22310%22%20height%3D%22206%22%20viewBox%3D%220%200%20310%20206%22%3E%3C%2Fsvg%3E\" loading=\"eager\"><\/span><span class=\"fg-image-overlay\"><\/span><\/a><\/figure><div class=\"fg-loader\"><\/div><\/div><div class=\"fg-item fg-type-image fg-idle\"><figure class=\"fg-item-inner\"><a href=\"https:\/\/jakubkolbicz.pl\/wp-content\/uploads\/2021\/07\/balony-1.jpg\" data-attachment-id=\"541\" data-type=\"image\" class=\"fg-thumb\"><span class=\"fg-image-wrap\"><img decoding=\"async\" width=\"310\" height=\"466\" class=\"skip-lazy fg-image\" data-src-fg=\"https:\/\/jakubkolbicz.pl\/wp-content\/uploads\/cache\/2021\/07\/balony-1\/1787009827.jpg\" src=\"data:image\/svg+xml,%3Csvg%20xmlns%3D%22http%3A%2F%2Fwww.w3.org%2F2000%2Fsvg%22%20width%3D%22310%22%20height%3D%22466%22%20viewBox%3D%220%200%20310%20466%22%3E%3C%2Fsvg%3E\" loading=\"eager\"><\/span><span class=\"fg-image-overlay\"><\/span><\/a><\/figure><div class=\"fg-loader\"><\/div><\/div><div class=\"fg-item fg-type-image fg-idle\"><figure class=\"fg-item-inner\"><a href=\"https:\/\/jakubkolbicz.pl\/wp-content\/uploads\/2021\/07\/balony-18.jpg\" data-attachment-id=\"539\" data-type=\"image\" class=\"fg-thumb\"><span class=\"fg-image-wrap\"><img decoding=\"async\" width=\"310\" height=\"465\" class=\"skip-lazy fg-image\" data-src-fg=\"https:\/\/jakubkolbicz.pl\/wp-content\/uploads\/cache\/2021\/07\/balony-18\/3342499552.jpg\" src=\"data:image\/svg+xml,%3Csvg%20xmlns%3D%22http%3A%2F%2Fwww.w3.org%2F2000%2Fsvg%22%20width%3D%22310%22%20height%3D%22465%22%20viewBox%3D%220%200%20310%20465%22%3E%3C%2Fsvg%3E\" loading=\"eager\"><\/span><span class=\"fg-image-overlay\"><\/span><\/a><\/figure><div class=\"fg-loader\"><\/div><\/div><div class=\"fg-item fg-type-image fg-idle\"><figure class=\"fg-item-inner\"><a href=\"https:\/\/jakubkolbicz.pl\/wp-content\/uploads\/2021\/07\/balony-19.jpg\" data-attachment-id=\"540\" data-type=\"image\" class=\"fg-thumb\"><span class=\"fg-image-wrap\"><img decoding=\"async\" width=\"310\" height=\"206\" class=\"skip-lazy fg-image\" data-src-fg=\"https:\/\/jakubkolbicz.pl\/wp-content\/uploads\/cache\/2021\/07\/balony-19\/2440557304.jpg\" src=\"data:image\/svg+xml,%3Csvg%20xmlns%3D%22http%3A%2F%2Fwww.w3.org%2F2000%2Fsvg%22%20width%3D%22310%22%20height%3D%22206%22%20viewBox%3D%220%200%20310%20206%22%3E%3C%2Fsvg%3E\" loading=\"eager\"><\/span><span class=\"fg-image-overlay\"><\/span><\/a><\/figure><div class=\"fg-loader\"><\/div><\/div><div class=\"fg-item fg-type-image fg-idle\"><figure class=\"fg-item-inner\"><a href=\"https:\/\/jakubkolbicz.pl\/wp-content\/uploads\/2021\/07\/balony-17.jpg\" data-attachment-id=\"538\" data-type=\"image\" class=\"fg-thumb\"><span class=\"fg-image-wrap\"><img decoding=\"async\" width=\"310\" height=\"465\" class=\"skip-lazy fg-image\" data-src-fg=\"https:\/\/jakubkolbicz.pl\/wp-content\/uploads\/cache\/2021\/07\/balony-17\/950886513.jpg\" src=\"data:image\/svg+xml,%3Csvg%20xmlns%3D%22http%3A%2F%2Fwww.w3.org%2F2000%2Fsvg%22%20width%3D%22310%22%20height%3D%22465%22%20viewBox%3D%220%200%20310%20465%22%3E%3C%2Fsvg%3E\" loading=\"eager\"><\/span><span class=\"fg-image-overlay\"><\/span><\/a><\/figure><div class=\"fg-loader\"><\/div><\/div><div class=\"fg-item fg-type-image fg-idle\"><figure class=\"fg-item-inner\"><a href=\"https:\/\/jakubkolbicz.pl\/wp-content\/uploads\/2021\/07\/balony-16.jpg\" data-attachment-id=\"537\" data-type=\"image\" class=\"fg-thumb\"><span class=\"fg-image-wrap\"><img decoding=\"async\" width=\"310\" height=\"207\" class=\"skip-lazy fg-image\" data-src-fg=\"https:\/\/jakubkolbicz.pl\/wp-content\/uploads\/cache\/2021\/07\/balony-16\/3955958773.jpg\" src=\"data:image\/svg+xml,%3Csvg%20xmlns%3D%22http%3A%2F%2Fwww.w3.org%2F2000%2Fsvg%22%20width%3D%22310%22%20height%3D%22207%22%20viewBox%3D%220%200%20310%20207%22%3E%3C%2Fsvg%3E\" loading=\"eager\"><\/span><span class=\"fg-image-overlay\"><\/span><\/a><\/figure><div class=\"fg-loader\"><\/div><\/div><div class=\"fg-item fg-type-image fg-idle\"><figure class=\"fg-item-inner\"><a href=\"https:\/\/jakubkolbicz.pl\/wp-content\/uploads\/2021\/07\/balony-15.jpg\" data-attachment-id=\"536\" data-type=\"image\" class=\"fg-thumb\"><span class=\"fg-image-wrap\"><img decoding=\"async\" width=\"310\" height=\"465\" class=\"skip-lazy fg-image\" data-src-fg=\"https:\/\/jakubkolbicz.pl\/wp-content\/uploads\/cache\/2021\/07\/balony-15\/1140009003.jpg\" src=\"data:image\/svg+xml,%3Csvg%20xmlns%3D%22http%3A%2F%2Fwww.w3.org%2F2000%2Fsvg%22%20width%3D%22310%22%20height%3D%22465%22%20viewBox%3D%220%200%20310%20465%22%3E%3C%2Fsvg%3E\" loading=\"eager\"><\/span><span class=\"fg-image-overlay\"><\/span><\/a><\/figure><div class=\"fg-loader\"><\/div><\/div><div class=\"fg-item fg-type-image fg-idle\"><figure class=\"fg-item-inner\"><a href=\"https:\/\/jakubkolbicz.pl\/wp-content\/uploads\/2021\/07\/balony-14.jpg\" data-attachment-id=\"535\" data-type=\"image\" class=\"fg-thumb\"><span class=\"fg-image-wrap\"><img decoding=\"async\" width=\"310\" height=\"465\" class=\"skip-lazy fg-image\" data-src-fg=\"https:\/\/jakubkolbicz.pl\/wp-content\/uploads\/cache\/2021\/07\/balony-14\/3833609458.jpg\" src=\"data:image\/svg+xml,%3Csvg%20xmlns%3D%22http%3A%2F%2Fwww.w3.org%2F2000%2Fsvg%22%20width%3D%22310%22%20height%3D%22465%22%20viewBox%3D%220%200%20310%20465%22%3E%3C%2Fsvg%3E\" loading=\"eager\"><\/span><span class=\"fg-image-overlay\"><\/span><\/a><\/figure><div class=\"fg-loader\"><\/div><\/div><div class=\"fg-item fg-type-image fg-idle\"><figure class=\"fg-item-inner\"><a href=\"https:\/\/jakubkolbicz.pl\/wp-content\/uploads\/2021\/07\/balony-13.jpg\" data-attachment-id=\"534\" data-type=\"image\" class=\"fg-thumb\"><span class=\"fg-image-wrap\"><img decoding=\"async\" width=\"310\" height=\"206\" class=\"skip-lazy fg-image\" data-src-fg=\"https:\/\/jakubkolbicz.pl\/wp-content\/uploads\/cache\/2021\/07\/balony-13\/3371317718.jpg\" src=\"data:image\/svg+xml,%3Csvg%20xmlns%3D%22http%3A%2F%2Fwww.w3.org%2F2000%2Fsvg%22%20width%3D%22310%22%20height%3D%22206%22%20viewBox%3D%220%200%20310%20206%22%3E%3C%2Fsvg%3E\" loading=\"eager\"><\/span><span class=\"fg-image-overlay\"><\/span><\/a><\/figure><div class=\"fg-loader\"><\/div><\/div><div class=\"fg-item fg-type-image fg-idle\"><figure class=\"fg-item-inner\"><a href=\"https:\/\/jakubkolbicz.pl\/wp-content\/uploads\/2021\/07\/balony-12.jpg\" data-attachment-id=\"533\" data-type=\"image\" class=\"fg-thumb\"><span class=\"fg-image-wrap\"><img decoding=\"async\" width=\"310\" height=\"206\" class=\"skip-lazy fg-image\" data-src-fg=\"https:\/\/jakubkolbicz.pl\/wp-content\/uploads\/cache\/2021\/07\/balony-12\/4116520443.jpg\" src=\"data:image\/svg+xml,%3Csvg%20xmlns%3D%22http%3A%2F%2Fwww.w3.org%2F2000%2Fsvg%22%20width%3D%22310%22%20height%3D%22206%22%20viewBox%3D%220%200%20310%20206%22%3E%3C%2Fsvg%3E\" loading=\"eager\"><\/span><span class=\"fg-image-overlay\"><\/span><\/a><\/figure><div class=\"fg-loader\"><\/div><\/div><div class=\"fg-item fg-type-image fg-idle\"><figure class=\"fg-item-inner\"><a href=\"https:\/\/jakubkolbicz.pl\/wp-content\/uploads\/2021\/07\/balony-11.jpg\" data-attachment-id=\"532\" data-type=\"image\" class=\"fg-thumb\"><span class=\"fg-image-wrap\"><img decoding=\"async\" width=\"310\" height=\"206\" class=\"skip-lazy fg-image\" data-src-fg=\"https:\/\/jakubkolbicz.pl\/wp-content\/uploads\/cache\/2021\/07\/balony-11\/1566905893.jpg\" src=\"data:image\/svg+xml,%3Csvg%20xmlns%3D%22http%3A%2F%2Fwww.w3.org%2F2000%2Fsvg%22%20width%3D%22310%22%20height%3D%22206%22%20viewBox%3D%220%200%20310%20206%22%3E%3C%2Fsvg%3E\" loading=\"eager\"><\/span><span class=\"fg-image-overlay\"><\/span><\/a><\/figure><div class=\"fg-loader\"><\/div><\/div><div class=\"fg-item fg-type-image fg-idle\"><figure class=\"fg-item-inner\"><a href=\"https:\/\/jakubkolbicz.pl\/wp-content\/uploads\/2021\/08\/balony-20.jpg\" data-attachment-id=\"11058\" data-type=\"image\" class=\"fg-thumb\"><span class=\"fg-image-wrap\"><img decoding=\"async\" width=\"310\" height=\"206\" class=\"skip-lazy fg-image\" data-src-fg=\"https:\/\/jakubkolbicz.pl\/wp-content\/uploads\/cache\/2021\/08\/balony-20\/4187745072.jpg\" src=\"data:image\/svg+xml,%3Csvg%20xmlns%3D%22http%3A%2F%2Fwww.w3.org%2F2000%2Fsvg%22%20width%3D%22310%22%20height%3D%22206%22%20viewBox%3D%220%200%20310%20206%22%3E%3C%2Fsvg%3E\" loading=\"eager\"><\/span><span class=\"fg-image-overlay\"><\/span><\/a><\/figure><div class=\"fg-loader\"><\/div><\/div><\/div><\/div><\/div>\n\n\n\n<p><\/p>\n\n\n\n<div style=\"height:25px\" aria-hidden=\"true\" class=\"wp-block-spacer\"><\/div>\n\n\n\n<div class=\"wp-block-group alignwide has-background\" style=\"background-color:#f3f3f3\"><div class=\"wp-block-group__inner-container is-layout-flow wp-block-group-is-layout-flow\">\n<div style=\"height:40px\" aria-hidden=\"true\" class=\"wp-block-spacer\"><\/div>\n\n\n<div class=\"su-button-center\"><a href=\"https:\/\/jakubkolbicz.pl\/?page_id=12535#E_Balony\" class=\"su-button su-button-style-soft su-button-wide\" style=\"color:#ffffff;background-color:#717171;border-color:#5b5b5b;border-radius:10px\" target=\"_self\" id=\"1\"><span style=\"color:#ffffff;padding:8px 26px;font-size:20px;line-height:30px;border-color:#9c9c9c;border-radius:10px;text-shadow:0px 0px 0px #940000\"><i class=\"sui sui-arrow-left\" style=\"font-size:20px;color:#ecbc2a\"><\/i> Powr\u00f3t do bloku tematycznego <br \/>AKTYWNO\u015a\u0106<\/span><\/a><\/div>\n\n\n\n<div style=\"height:40px\" aria-hidden=\"true\" class=\"wp-block-spacer\"><\/div>\n<\/div><\/div>\n\n\n\n<div class=\"wp-block-group alignfull\"><div class=\"wp-block-group__inner-container is-layout-flow wp-block-group-is-layout-flow\">\n<div class=\"wp-block-group alignwide\"><div class=\"wp-block-group__inner-container is-layout-flow wp-block-group-is-layout-flow\">\n<div style=\"height:50px\" aria-hidden=\"true\" class=\"wp-block-spacer\"><\/div>\n\n\n\n<p><\/p>\n\n\n<div class=\"su-divider su-divider-style-default\" style=\"margin:25px 0;border-width:5px;border-color:#B8B8B8\"><\/div>\n\n\n\n<p><\/p>\n<\/div><\/div>\n<\/div><\/div>\n\n\n\n\n\n<p class=\"has-text-align-center\" style=\"font-size:16px\"><strong>Bloki tematyczne<\/strong><\/p>\n\n\n\n<div class=\"wp-block-columns alignwide has-background is-layout-flex wp-container-core-columns-is-layout-9d6595d7 wp-block-columns-is-layout-flex\" style=\"background-color:#f7f7f7\">\n<div class=\"wp-block-column is-layout-flow wp-block-column-is-layout-flow\">\n<figure class=\"wp-block-image size-large\"><a href=\"https:\/\/jakubkolbicz.pl\/?page_id=12487\"><img loading=\"lazy\" decoding=\"async\" width=\"800\" height=\"532\" src=\"https:\/\/jakubkolbicz.pl\/wp-content\/uploads\/2021\/07\/obserwacje-69.jpg\" alt=\"\" class=\"wp-image-1156\" srcset=\"https:\/\/jakubkolbicz.pl\/wp-content\/uploads\/2021\/07\/obserwacje-69.jpg 800w, https:\/\/jakubkolbicz.pl\/wp-content\/uploads\/2021\/07\/obserwacje-69-300x200.jpg 300w, https:\/\/jakubkolbicz.pl\/wp-content\/uploads\/2021\/07\/obserwacje-69-768x511.jpg 768w\" sizes=\"auto, (max-width: 800px) 100vw, 800px\" \/><\/a><figcaption>Osoby i obserwacje<\/figcaption><\/figure>\n<\/div>\n\n\n\n<div class=\"wp-block-column is-layout-flow wp-block-column-is-layout-flow\">\n<figure class=\"wp-block-image size-large\"><a href=\"https:\/\/jakubkolbicz.pl\/?page_id=12531\"><img loading=\"lazy\" decoding=\"async\" width=\"800\" height=\"532\" src=\"https:\/\/jakubkolbicz.pl\/wp-content\/uploads\/2021\/07\/koncerty-14.jpg\" alt=\"\" class=\"wp-image-1480\" srcset=\"https:\/\/jakubkolbicz.pl\/wp-content\/uploads\/2021\/07\/koncerty-14.jpg 800w, https:\/\/jakubkolbicz.pl\/wp-content\/uploads\/2021\/07\/koncerty-14-300x200.jpg 300w, https:\/\/jakubkolbicz.pl\/wp-content\/uploads\/2021\/07\/koncerty-14-768x511.jpg 768w\" sizes=\"auto, (max-width: 800px) 100vw, 800px\" \/><\/a><figcaption>Eventy<\/figcaption><\/figure>\n<\/div>\n\n\n\n<div class=\"wp-block-column is-layout-flow wp-block-column-is-layout-flow\">\n<figure class=\"wp-block-image size-large\"><a href=\"https:\/\/jakubkolbicz.pl\/?page_id=12535\"><img loading=\"lazy\" decoding=\"async\" width=\"800\" height=\"532\" src=\"https:\/\/jakubkolbicz.pl\/wp-content\/uploads\/2021\/07\/samoloty-29.jpg\" alt=\"\" class=\"wp-image-4050\" srcset=\"https:\/\/jakubkolbicz.pl\/wp-content\/uploads\/2021\/07\/samoloty-29.jpg 800w, https:\/\/jakubkolbicz.pl\/wp-content\/uploads\/2021\/07\/samoloty-29-300x200.jpg 300w, https:\/\/jakubkolbicz.pl\/wp-content\/uploads\/2021\/07\/samoloty-29-768x511.jpg 768w\" sizes=\"auto, (max-width: 800px) 100vw, 800px\" \/><\/a><figcaption>Aktywno\u015b\u0107<\/figcaption><\/figure>\n<\/div>\n\n\n\n<div class=\"wp-block-column is-layout-flow wp-block-column-is-layout-flow\">\n<figure class=\"wp-block-image size-large\"><a href=\"https:\/\/jakubkolbicz.pl\/?page_id=12539\"><img loading=\"lazy\" decoding=\"async\" width=\"800\" height=\"532\" src=\"https:\/\/jakubkolbicz.pl\/wp-content\/uploads\/2021\/07\/slonce-45.jpg\" alt=\"\" class=\"wp-image-2297\" srcset=\"https:\/\/jakubkolbicz.pl\/wp-content\/uploads\/2021\/07\/slonce-45.jpg 800w, https:\/\/jakubkolbicz.pl\/wp-content\/uploads\/2021\/07\/slonce-45-300x200.jpg 300w, https:\/\/jakubkolbicz.pl\/wp-content\/uploads\/2021\/07\/slonce-45-768x511.jpg 768w\" sizes=\"auto, (max-width: 800px) 100vw, 800px\" \/><\/a><figcaption>Otoczenie<\/figcaption><\/figure>\n<\/div>\n\n\n\n<div class=\"wp-block-column is-layout-flow wp-block-column-is-layout-flow\">\n<figure class=\"wp-block-image size-large\"><a href=\"https:\/\/jakubkolbicz.pl\/?page_id=12542\"><img loading=\"lazy\" decoding=\"async\" width=\"800\" height=\"532\" src=\"https:\/\/jakubkolbicz.pl\/wp-content\/uploads\/2021\/07\/moje_zwierzaki-8.jpg\" alt=\"\" class=\"wp-image-357\" srcset=\"https:\/\/jakubkolbicz.pl\/wp-content\/uploads\/2021\/07\/moje_zwierzaki-8.jpg 800w, https:\/\/jakubkolbicz.pl\/wp-content\/uploads\/2021\/07\/moje_zwierzaki-8-300x200.jpg 300w, https:\/\/jakubkolbicz.pl\/wp-content\/uploads\/2021\/07\/moje_zwierzaki-8-768x511.jpg 768w\" sizes=\"auto, (max-width: 800px) 100vw, 800px\" \/><\/a><figcaption>Fauna i Flora<\/figcaption><\/figure>\n<\/div>\n\n\n\n<div class=\"wp-block-column is-layout-flow wp-block-column-is-layout-flow\">\n<figure class=\"wp-block-image size-large\"><a href=\"https:\/\/jakubkolbicz.pl\/?page_id=12548\"><img loading=\"lazy\" decoding=\"async\" width=\"800\" height=\"532\" src=\"https:\/\/jakubkolbicz.pl\/wp-content\/uploads\/2021\/07\/auta-12.jpg\" alt=\"\" class=\"wp-image-483\" srcset=\"https:\/\/jakubkolbicz.pl\/wp-content\/uploads\/2021\/07\/auta-12.jpg 800w, https:\/\/jakubkolbicz.pl\/wp-content\/uploads\/2021\/07\/auta-12-300x200.jpg 300w, https:\/\/jakubkolbicz.pl\/wp-content\/uploads\/2021\/07\/auta-12-768x511.jpg 768w\" sizes=\"auto, (max-width: 800px) 100vw, 800px\" \/><\/a><figcaption>Inne spojrzenie<\/figcaption><\/figure>\n<\/div>\n\n\n\n<div class=\"wp-block-column is-layout-flow wp-block-column-is-layout-flow\">\n<figure class=\"wp-block-image size-large\"><a href=\"https:\/\/jakubkolbicz.pl\/?page_id=12551\"><img loading=\"lazy\" decoding=\"async\" width=\"800\" height=\"532\" src=\"https:\/\/jakubkolbicz.pl\/wp-content\/uploads\/2021\/07\/noca-16.jpg\" alt=\"\" class=\"wp-image-4005\" srcset=\"https:\/\/jakubkolbicz.pl\/wp-content\/uploads\/2021\/07\/noca-16.jpg 800w, https:\/\/jakubkolbicz.pl\/wp-content\/uploads\/2021\/07\/noca-16-300x200.jpg 300w, https:\/\/jakubkolbicz.pl\/wp-content\/uploads\/2021\/07\/noca-16-768x511.jpg 768w\" sizes=\"auto, (max-width: 800px) 100vw, 800px\" \/><\/a><figcaption>Troch\u0119 \u015bwiat\u0142a<\/figcaption><\/figure>\n<\/div>\n\n\n\n<div class=\"wp-block-column is-layout-flow wp-block-column-is-layout-flow\">\n<figure class=\"wp-block-image size-large\"><a href=\"https:\/\/jakubkolbicz.pl\/?page_id=12554\"><img loading=\"lazy\" decoding=\"async\" width=\"800\" height=\"532\" src=\"https:\/\/jakubkolbicz.pl\/wp-content\/uploads\/2021\/07\/kamieniolom-11.jpg\" alt=\"\" class=\"wp-image-3103\" srcset=\"https:\/\/jakubkolbicz.pl\/wp-content\/uploads\/2021\/07\/kamieniolom-11.jpg 800w, https:\/\/jakubkolbicz.pl\/wp-content\/uploads\/2021\/07\/kamieniolom-11-300x200.jpg 300w, https:\/\/jakubkolbicz.pl\/wp-content\/uploads\/2021\/07\/kamieniolom-11-768x511.jpg 768w\" sizes=\"auto, (max-width: 800px) 100vw, 800px\" \/><\/a><figcaption>Miejsca<\/figcaption><\/figure>\n<\/div>\n\n\n\n<div class=\"wp-block-column is-layout-flow wp-block-column-is-layout-flow\">\n<figure class=\"wp-block-image size-large\"><a href=\"https:\/\/jakubkolbicz.pl\/?page_id=12557\"><img loading=\"lazy\" decoding=\"async\" width=\"800\" height=\"532\" src=\"https:\/\/jakubkolbicz.pl\/wp-content\/uploads\/2021\/07\/berlin-39.jpg\" alt=\"\" class=\"wp-image-585\" srcset=\"https:\/\/jakubkolbicz.pl\/wp-content\/uploads\/2021\/07\/berlin-39.jpg 800w, https:\/\/jakubkolbicz.pl\/wp-content\/uploads\/2021\/07\/berlin-39-300x200.jpg 300w, https:\/\/jakubkolbicz.pl\/wp-content\/uploads\/2021\/07\/berlin-39-768x511.jpg 768w\" sizes=\"auto, (max-width: 800px) 100vw, 800px\" \/><\/a><figcaption>W gine\u017adzie cz\u0142owieka<\/figcaption><\/figure>\n<\/div>\n<\/div>\n\n\n\n<p><\/p>\n","protected":false},"excerpt":{"rendered":"","protected":false},"author":1,"featured_media":543,"parent":1466,"menu_order":0,"comment_status":"closed","ping_status":"closed","template":"","meta":{"footnotes":""},"class_list":["post-3743","page","type-page","status-publish","has-post-thumbnail","hentry"],"_links":{"self":[{"href":"https:\/\/jakubkolbicz.pl\/index.php?rest_route=\/wp\/v2\/pages\/3743","targetHints":{"allow":["GET"]}}],"collection":[{"href":"https:\/\/jakubkolbicz.pl\/index.php?rest_route=\/wp\/v2\/pages"}],"about":[{"href":"https:\/\/jakubkolbicz.pl\/index.php?rest_route=\/wp\/v2\/types\/page"}],"author":[{"embeddable":true,"href":"https:\/\/jakubkolbicz.pl\/index.php?rest_route=\/wp\/v2\/users\/1"}],"replies":[{"embeddable":true,"href":"https:\/\/jakubkolbicz.pl\/index.php?rest_route=%2Fwp%2Fv2%2Fcomments&post=3743"}],"version-history":[{"count":14,"href":"https:\/\/jakubkolbicz.pl\/index.php?rest_route=\/wp\/v2\/pages\/3743\/revisions"}],"predecessor-version":[{"id":16618,"href":"https:\/\/jakubkolbicz.pl\/index.php?rest_route=\/wp\/v2\/pages\/3743\/revisions\/16618"}],"up":[{"embeddable":true,"href":"https:\/\/jakubkolbicz.pl\/index.php?rest_route=\/wp\/v2\/pages\/1466"}],"wp:featuredmedia":[{"embeddable":true,"href":"https:\/\/jakubkolbicz.pl\/index.php?rest_route=\/wp\/v2\/media\/543"}],"wp:attachment":[{"href":"https:\/\/jakubkolbicz.pl\/index.php?rest_route=%2Fwp%2Fv2%2Fmedia&parent=3743"}],"curies":[{"name":"wp","href":"https:\/\/api.w.org\/{rel}","templated":true}]}}