{"id":9448,"date":"2021-07-26T17:22:02","date_gmt":"2021-07-26T15:22:02","guid":{"rendered":"https:\/\/jakubkolbicz.pl\/?page_id=9448"},"modified":"2023-03-25T16:16:33","modified_gmt":"2023-03-25T15:16:33","slug":"zagle","status":"publish","type":"page","link":"https:\/\/jakubkolbicz.pl\/?page_id=9448","title":{"rendered":"\u017bagle"},"content":{"rendered":"\n<div class=\"wp-block-group alignfull\"><div class=\"wp-block-group__inner-container is-layout-flow wp-block-group-is-layout-flow\"><style type=\"text\/css\">\n#foogallery-gallery-9447.fg-masonry .fg-item { width: 310px; }\n#foogallery-gallery-9447.fg-masonry { --fg-gutter: 15px; }<\/style>\n\t\t\t<div class=\"foogallery foogallery-container foogallery-masonry foogallery-lightbox-foobox fg-center fg-masonry fg-ready fg-light fg-loading-default fg-loaded-fade-in fg-captions-bottom fg-hover-fade fg-hover-zoom3 fg-fixed\" id=\"foogallery-gallery-9447\" data-foogallery=\"{&quot;item&quot;:{&quot;showCaptionTitle&quot;:false,&quot;showCaptionDescription&quot;:false},&quot;lazy&quot;:true,&quot;paging&quot;:{&quot;type&quot;:&quot;dots&quot;,&quot;size&quot;:35,&quot;position&quot;:&quot;both&quot;,&quot;scrollToTop&quot;:true,&quot;output&quot;:&quot;html&quot;,&quot;theme&quot;:&quot;fg-light&quot;},&quot;template&quot;:{&quot;columnWidth&quot;:310,&quot;gutter&quot;:15}}\" style=\"--fg-title-line-clamp: 0; --fg-description-line-clamp: 0;\" >\n\t\t<div class=\"fg-item fg-type-image fg-idle\"><figure class=\"fg-item-inner\"><a href=\"https:\/\/jakubkolbicz.pl\/wp-content\/uploads\/2021\/07\/zagle-2.jpg\" data-attachment-id=\"9438\" data-type=\"image\" class=\"fg-thumb\"><span class=\"fg-image-wrap\"><img fetchpriority=\"high\" decoding=\"async\" width=\"310\" height=\"206\" class=\"skip-lazy fg-image\" data-src-fg=\"https:\/\/jakubkolbicz.pl\/wp-content\/uploads\/cache\/2021\/07\/zagle-2\/3426286836.jpg\" src=\"data:image\/svg+xml,%3Csvg%20xmlns%3D%22http%3A%2F%2Fwww.w3.org%2F2000%2Fsvg%22%20width%3D%22310%22%20height%3D%22206%22%20viewBox%3D%220%200%20310%20206%22%3E%3C%2Fsvg%3E\" loading=\"eager\"><\/span><span class=\"fg-image-overlay\"><\/span><\/a><\/figure><div class=\"fg-loader\"><\/div><\/div><div class=\"fg-item fg-type-image fg-idle\"><figure class=\"fg-item-inner\"><a href=\"https:\/\/jakubkolbicz.pl\/wp-content\/uploads\/2021\/08\/zagle-12.jpg\" data-attachment-id=\"10801\" data-type=\"image\" class=\"fg-thumb\"><span class=\"fg-image-wrap\"><img decoding=\"async\" width=\"310\" height=\"466\" class=\"skip-lazy fg-image\" data-src-fg=\"https:\/\/jakubkolbicz.pl\/wp-content\/uploads\/cache\/2021\/08\/zagle-12\/736122546.jpg\" src=\"data:image\/svg+xml,%3Csvg%20xmlns%3D%22http%3A%2F%2Fwww.w3.org%2F2000%2Fsvg%22%20width%3D%22310%22%20height%3D%22466%22%20viewBox%3D%220%200%20310%20466%22%3E%3C%2Fsvg%3E\" loading=\"eager\"><\/span><span class=\"fg-image-overlay\"><\/span><\/a><\/figure><div class=\"fg-loader\"><\/div><\/div><div class=\"fg-item fg-type-image fg-idle\"><figure class=\"fg-item-inner\"><a href=\"https:\/\/jakubkolbicz.pl\/wp-content\/uploads\/2021\/07\/zagle-4.jpg\" data-attachment-id=\"9440\" data-type=\"image\" class=\"fg-thumb\"><span class=\"fg-image-wrap\"><img decoding=\"async\" width=\"310\" height=\"206\" class=\"skip-lazy fg-image\" data-src-fg=\"https:\/\/jakubkolbicz.pl\/wp-content\/uploads\/cache\/2021\/07\/zagle-4\/180138713.jpg\" src=\"data:image\/svg+xml,%3Csvg%20xmlns%3D%22http%3A%2F%2Fwww.w3.org%2F2000%2Fsvg%22%20width%3D%22310%22%20height%3D%22206%22%20viewBox%3D%220%200%20310%20206%22%3E%3C%2Fsvg%3E\" loading=\"eager\"><\/span><span class=\"fg-image-overlay\"><\/span><\/a><\/figure><div class=\"fg-loader\"><\/div><\/div><div class=\"fg-item fg-type-image fg-idle\"><figure class=\"fg-item-inner\"><a href=\"https:\/\/jakubkolbicz.pl\/wp-content\/uploads\/2021\/08\/zagle-19.jpg\" data-attachment-id=\"11722\" data-type=\"image\" class=\"fg-thumb\"><span class=\"fg-image-wrap\"><img decoding=\"async\" width=\"310\" height=\"206\" class=\"skip-lazy fg-image\" data-src-fg=\"https:\/\/jakubkolbicz.pl\/wp-content\/uploads\/cache\/2021\/08\/zagle-19\/394458837.jpg\" src=\"data:image\/svg+xml,%3Csvg%20xmlns%3D%22http%3A%2F%2Fwww.w3.org%2F2000%2Fsvg%22%20width%3D%22310%22%20height%3D%22206%22%20viewBox%3D%220%200%20310%20206%22%3E%3C%2Fsvg%3E\" loading=\"eager\"><\/span><span class=\"fg-image-overlay\"><\/span><\/a><\/figure><div class=\"fg-loader\"><\/div><\/div><div class=\"fg-item fg-type-image fg-idle\"><figure class=\"fg-item-inner\"><a href=\"https:\/\/jakubkolbicz.pl\/wp-content\/uploads\/2021\/08\/zagle-15.jpg\" data-attachment-id=\"11718\" data-type=\"image\" class=\"fg-thumb\"><span class=\"fg-image-wrap\"><img decoding=\"async\" width=\"310\" height=\"466\" class=\"skip-lazy fg-image\" data-src-fg=\"https:\/\/jakubkolbicz.pl\/wp-content\/uploads\/cache\/2021\/08\/zagle-15\/814436543.jpg\" src=\"data:image\/svg+xml,%3Csvg%20xmlns%3D%22http%3A%2F%2Fwww.w3.org%2F2000%2Fsvg%22%20width%3D%22310%22%20height%3D%22466%22%20viewBox%3D%220%200%20310%20466%22%3E%3C%2Fsvg%3E\" loading=\"eager\"><\/span><span class=\"fg-image-overlay\"><\/span><\/a><\/figure><div class=\"fg-loader\"><\/div><\/div><div class=\"fg-item fg-type-image fg-idle\"><figure class=\"fg-item-inner\"><a href=\"https:\/\/jakubkolbicz.pl\/wp-content\/uploads\/2021\/08\/zagle-13.jpg\" data-attachment-id=\"11716\" data-type=\"image\" class=\"fg-thumb\"><span class=\"fg-image-wrap\"><img decoding=\"async\" width=\"310\" height=\"466\" class=\"skip-lazy fg-image\" data-src-fg=\"https:\/\/jakubkolbicz.pl\/wp-content\/uploads\/cache\/2021\/08\/zagle-13\/2383985883.jpg\" src=\"data:image\/svg+xml,%3Csvg%20xmlns%3D%22http%3A%2F%2Fwww.w3.org%2F2000%2Fsvg%22%20width%3D%22310%22%20height%3D%22466%22%20viewBox%3D%220%200%20310%20466%22%3E%3C%2Fsvg%3E\" loading=\"eager\"><\/span><span class=\"fg-image-overlay\"><\/span><\/a><\/figure><div class=\"fg-loader\"><\/div><\/div><div class=\"fg-item fg-type-image fg-idle\"><figure class=\"fg-item-inner\"><a href=\"https:\/\/jakubkolbicz.pl\/wp-content\/uploads\/2021\/07\/zagle-3.jpg\" data-attachment-id=\"9439\" data-type=\"image\" class=\"fg-thumb\"><span class=\"fg-image-wrap\"><img decoding=\"async\" width=\"310\" height=\"466\" class=\"skip-lazy fg-image\" data-src-fg=\"https:\/\/jakubkolbicz.pl\/wp-content\/uploads\/cache\/2021\/07\/zagle-3\/1459956733.jpg\" src=\"data:image\/svg+xml,%3Csvg%20xmlns%3D%22http%3A%2F%2Fwww.w3.org%2F2000%2Fsvg%22%20width%3D%22310%22%20height%3D%22466%22%20viewBox%3D%220%200%20310%20466%22%3E%3C%2Fsvg%3E\" loading=\"eager\"><\/span><span class=\"fg-image-overlay\"><\/span><\/a><\/figure><div class=\"fg-loader\"><\/div><\/div><div class=\"fg-item fg-type-image fg-idle\"><figure class=\"fg-item-inner\"><a href=\"https:\/\/jakubkolbicz.pl\/wp-content\/uploads\/2021\/08\/zagle-20.jpg\" data-attachment-id=\"11723\" data-type=\"image\" class=\"fg-thumb\"><span class=\"fg-image-wrap\"><img decoding=\"async\" width=\"310\" height=\"206\" class=\"skip-lazy fg-image\" data-src-fg=\"https:\/\/jakubkolbicz.pl\/wp-content\/uploads\/cache\/2021\/08\/zagle-20\/1601978379.jpg\" src=\"data:image\/svg+xml,%3Csvg%20xmlns%3D%22http%3A%2F%2Fwww.w3.org%2F2000%2Fsvg%22%20width%3D%22310%22%20height%3D%22206%22%20viewBox%3D%220%200%20310%20206%22%3E%3C%2Fsvg%3E\" loading=\"eager\"><\/span><span class=\"fg-image-overlay\"><\/span><\/a><\/figure><div class=\"fg-loader\"><\/div><\/div><div class=\"fg-item fg-type-image fg-idle\"><figure class=\"fg-item-inner\"><a href=\"https:\/\/jakubkolbicz.pl\/wp-content\/uploads\/2021\/07\/zagle-8.jpg\" data-attachment-id=\"9444\" data-type=\"image\" class=\"fg-thumb\"><span class=\"fg-image-wrap\"><img decoding=\"async\" width=\"310\" height=\"206\" class=\"skip-lazy fg-image\" data-src-fg=\"https:\/\/jakubkolbicz.pl\/wp-content\/uploads\/cache\/2021\/07\/zagle-8\/3627941771.jpg\" src=\"data:image\/svg+xml,%3Csvg%20xmlns%3D%22http%3A%2F%2Fwww.w3.org%2F2000%2Fsvg%22%20width%3D%22310%22%20height%3D%22206%22%20viewBox%3D%220%200%20310%20206%22%3E%3C%2Fsvg%3E\" loading=\"eager\"><\/span><span class=\"fg-image-overlay\"><\/span><\/a><\/figure><div class=\"fg-loader\"><\/div><\/div><div class=\"fg-item fg-type-image fg-idle\"><figure class=\"fg-item-inner\"><a href=\"https:\/\/jakubkolbicz.pl\/wp-content\/uploads\/2021\/08\/zagle-16.jpg\" data-attachment-id=\"11719\" data-type=\"image\" class=\"fg-thumb\"><span class=\"fg-image-wrap\"><img decoding=\"async\" width=\"310\" height=\"206\" class=\"skip-lazy fg-image\" data-src-fg=\"https:\/\/jakubkolbicz.pl\/wp-content\/uploads\/cache\/2021\/08\/zagle-16\/3493381740.jpg\" src=\"data:image\/svg+xml,%3Csvg%20xmlns%3D%22http%3A%2F%2Fwww.w3.org%2F2000%2Fsvg%22%20width%3D%22310%22%20height%3D%22206%22%20viewBox%3D%220%200%20310%20206%22%3E%3C%2Fsvg%3E\" loading=\"eager\"><\/span><span class=\"fg-image-overlay\"><\/span><\/a><\/figure><div class=\"fg-loader\"><\/div><\/div><div class=\"fg-item fg-type-image fg-idle\"><figure class=\"fg-item-inner\"><a href=\"https:\/\/jakubkolbicz.pl\/wp-content\/uploads\/2021\/07\/zagle-10.jpg\" data-attachment-id=\"9446\" data-type=\"image\" class=\"fg-thumb\"><span class=\"fg-image-wrap\"><img decoding=\"async\" width=\"310\" height=\"206\" class=\"skip-lazy fg-image\" data-src-fg=\"https:\/\/jakubkolbicz.pl\/wp-content\/uploads\/cache\/2021\/07\/zagle-10\/792844906.jpg\" src=\"data:image\/svg+xml,%3Csvg%20xmlns%3D%22http%3A%2F%2Fwww.w3.org%2F2000%2Fsvg%22%20width%3D%22310%22%20height%3D%22206%22%20viewBox%3D%220%200%20310%20206%22%3E%3C%2Fsvg%3E\" loading=\"eager\"><\/span><span class=\"fg-image-overlay\"><\/span><\/a><\/figure><div class=\"fg-loader\"><\/div><\/div><div class=\"fg-item fg-type-image fg-idle\"><figure class=\"fg-item-inner\"><a href=\"https:\/\/jakubkolbicz.pl\/wp-content\/uploads\/2021\/07\/zagle-6.jpg\" data-attachment-id=\"9442\" data-type=\"image\" class=\"fg-thumb\"><span class=\"fg-image-wrap\"><img decoding=\"async\" width=\"310\" height=\"206\" class=\"skip-lazy fg-image\" data-src-fg=\"https:\/\/jakubkolbicz.pl\/wp-content\/uploads\/cache\/2021\/07\/zagle-6\/3887471242.jpg\" src=\"data:image\/svg+xml,%3Csvg%20xmlns%3D%22http%3A%2F%2Fwww.w3.org%2F2000%2Fsvg%22%20width%3D%22310%22%20height%3D%22206%22%20viewBox%3D%220%200%20310%20206%22%3E%3C%2Fsvg%3E\" loading=\"eager\"><\/span><span class=\"fg-image-overlay\"><\/span><\/a><\/figure><div class=\"fg-loader\"><\/div><\/div><div class=\"fg-item fg-type-image fg-idle\"><figure class=\"fg-item-inner\"><a href=\"https:\/\/jakubkolbicz.pl\/wp-content\/uploads\/2021\/07\/zagle-5.jpg\" data-attachment-id=\"9441\" data-type=\"image\" class=\"fg-thumb\"><span class=\"fg-image-wrap\"><img decoding=\"async\" width=\"310\" height=\"466\" class=\"skip-lazy fg-image\" data-src-fg=\"https:\/\/jakubkolbicz.pl\/wp-content\/uploads\/cache\/2021\/07\/zagle-5\/2441176528.jpg\" src=\"data:image\/svg+xml,%3Csvg%20xmlns%3D%22http%3A%2F%2Fwww.w3.org%2F2000%2Fsvg%22%20width%3D%22310%22%20height%3D%22466%22%20viewBox%3D%220%200%20310%20466%22%3E%3C%2Fsvg%3E\" loading=\"eager\"><\/span><span class=\"fg-image-overlay\"><\/span><\/a><\/figure><div class=\"fg-loader\"><\/div><\/div><div class=\"fg-item fg-type-image fg-idle\"><figure class=\"fg-item-inner\"><a href=\"https:\/\/jakubkolbicz.pl\/wp-content\/uploads\/2021\/07\/zagle-11.jpg\" data-attachment-id=\"9436\" data-type=\"image\" class=\"fg-thumb\"><span class=\"fg-image-wrap\"><img decoding=\"async\" width=\"310\" height=\"206\" class=\"skip-lazy fg-image\" data-src-fg=\"https:\/\/jakubkolbicz.pl\/wp-content\/uploads\/cache\/2021\/07\/zagle-11\/317652551.jpg\" src=\"data:image\/svg+xml,%3Csvg%20xmlns%3D%22http%3A%2F%2Fwww.w3.org%2F2000%2Fsvg%22%20width%3D%22310%22%20height%3D%22206%22%20viewBox%3D%220%200%20310%20206%22%3E%3C%2Fsvg%3E\" loading=\"eager\"><\/span><span class=\"fg-image-overlay\"><\/span><\/a><\/figure><div class=\"fg-loader\"><\/div><\/div><div class=\"fg-item fg-type-image fg-idle\"><figure class=\"fg-item-inner\"><a href=\"https:\/\/jakubkolbicz.pl\/wp-content\/uploads\/2021\/08\/zagle-17.jpg\" data-attachment-id=\"11720\" data-type=\"image\" class=\"fg-thumb\"><span class=\"fg-image-wrap\"><img decoding=\"async\" width=\"310\" height=\"466\" class=\"skip-lazy fg-image\" data-src-fg=\"https:\/\/jakubkolbicz.pl\/wp-content\/uploads\/cache\/2021\/08\/zagle-17\/3731998343.jpg\" src=\"data:image\/svg+xml,%3Csvg%20xmlns%3D%22http%3A%2F%2Fwww.w3.org%2F2000%2Fsvg%22%20width%3D%22310%22%20height%3D%22466%22%20viewBox%3D%220%200%20310%20466%22%3E%3C%2Fsvg%3E\" loading=\"eager\"><\/span><span class=\"fg-image-overlay\"><\/span><\/a><\/figure><div class=\"fg-loader\"><\/div><\/div><div class=\"fg-item fg-type-image fg-idle\"><figure class=\"fg-item-inner\"><a href=\"https:\/\/jakubkolbicz.pl\/wp-content\/uploads\/2021\/08\/zagle-18.jpg\" data-attachment-id=\"11721\" data-type=\"image\" class=\"fg-thumb\"><span class=\"fg-image-wrap\"><img decoding=\"async\" width=\"310\" height=\"206\" class=\"skip-lazy fg-image\" data-src-fg=\"https:\/\/jakubkolbicz.pl\/wp-content\/uploads\/cache\/2021\/08\/zagle-18\/1768768795.jpg\" src=\"data:image\/svg+xml,%3Csvg%20xmlns%3D%22http%3A%2F%2Fwww.w3.org%2F2000%2Fsvg%22%20width%3D%22310%22%20height%3D%22206%22%20viewBox%3D%220%200%20310%20206%22%3E%3C%2Fsvg%3E\" loading=\"eager\"><\/span><span class=\"fg-image-overlay\"><\/span><\/a><\/figure><div class=\"fg-loader\"><\/div><\/div><div class=\"fg-item fg-type-image fg-idle\"><figure class=\"fg-item-inner\"><a href=\"https:\/\/jakubkolbicz.pl\/wp-content\/uploads\/2021\/07\/zagle-7.jpg\" data-attachment-id=\"9443\" data-type=\"image\" class=\"fg-thumb\"><span class=\"fg-image-wrap\"><img decoding=\"async\" width=\"310\" height=\"206\" class=\"skip-lazy fg-image\" data-src-fg=\"https:\/\/jakubkolbicz.pl\/wp-content\/uploads\/cache\/2021\/07\/zagle-7\/2089536899.jpg\" src=\"data:image\/svg+xml,%3Csvg%20xmlns%3D%22http%3A%2F%2Fwww.w3.org%2F2000%2Fsvg%22%20width%3D%22310%22%20height%3D%22206%22%20viewBox%3D%220%200%20310%20206%22%3E%3C%2Fsvg%3E\" loading=\"eager\"><\/span><span class=\"fg-image-overlay\"><\/span><\/a><\/figure><div class=\"fg-loader\"><\/div><\/div><div class=\"fg-item fg-type-image fg-idle\"><figure class=\"fg-item-inner\"><a href=\"https:\/\/jakubkolbicz.pl\/wp-content\/uploads\/2021\/07\/zagle-9.jpg\" data-attachment-id=\"9445\" data-type=\"image\" class=\"fg-thumb\"><span class=\"fg-image-wrap\"><img decoding=\"async\" width=\"310\" height=\"206\" class=\"skip-lazy fg-image\" data-src-fg=\"https:\/\/jakubkolbicz.pl\/wp-content\/uploads\/cache\/2021\/07\/zagle-9\/1124083842.jpg\" src=\"data:image\/svg+xml,%3Csvg%20xmlns%3D%22http%3A%2F%2Fwww.w3.org%2F2000%2Fsvg%22%20width%3D%22310%22%20height%3D%22206%22%20viewBox%3D%220%200%20310%20206%22%3E%3C%2Fsvg%3E\" loading=\"eager\"><\/span><span class=\"fg-image-overlay\"><\/span><\/a><\/figure><div class=\"fg-loader\"><\/div><\/div><div class=\"fg-item fg-type-image fg-idle\"><figure class=\"fg-item-inner\"><a href=\"https:\/\/jakubkolbicz.pl\/wp-content\/uploads\/2021\/07\/zagle-1.jpg\" data-attachment-id=\"9437\" data-type=\"image\" class=\"fg-thumb\"><span class=\"fg-image-wrap\"><img decoding=\"async\" width=\"310\" height=\"206\" class=\"skip-lazy fg-image\" data-src-fg=\"https:\/\/jakubkolbicz.pl\/wp-content\/uploads\/cache\/2021\/07\/zagle-1\/3993791944.jpg\" src=\"data:image\/svg+xml,%3Csvg%20xmlns%3D%22http%3A%2F%2Fwww.w3.org%2F2000%2Fsvg%22%20width%3D%22310%22%20height%3D%22206%22%20viewBox%3D%220%200%20310%20206%22%3E%3C%2Fsvg%3E\" loading=\"eager\"><\/span><span class=\"fg-image-overlay\"><\/span><\/a><\/figure><div class=\"fg-loader\"><\/div><\/div><div class=\"fg-item fg-type-image fg-idle\"><figure class=\"fg-item-inner\"><a href=\"https:\/\/jakubkolbicz.pl\/wp-content\/uploads\/2021\/08\/zagle-14.jpg\" data-attachment-id=\"11717\" data-type=\"image\" class=\"fg-thumb\"><span class=\"fg-image-wrap\"><img decoding=\"async\" width=\"310\" height=\"466\" class=\"skip-lazy fg-image\" data-src-fg=\"https:\/\/jakubkolbicz.pl\/wp-content\/uploads\/cache\/2021\/08\/zagle-14\/3940623602.jpg\" src=\"data:image\/svg+xml,%3Csvg%20xmlns%3D%22http%3A%2F%2Fwww.w3.org%2F2000%2Fsvg%22%20width%3D%22310%22%20height%3D%22466%22%20viewBox%3D%220%200%20310%20466%22%3E%3C%2Fsvg%3E\" loading=\"eager\"><\/span><span class=\"fg-image-overlay\"><\/span><\/a><\/figure><div class=\"fg-loader\"><\/div><\/div><\/div><\/div><\/div>\n\n\n\n<p><\/p>\n\n\n\n<div style=\"height:25px\" aria-hidden=\"true\" class=\"wp-block-spacer\"><\/div>\n\n\n\n<div class=\"wp-block-group alignwide has-background\" style=\"background-color:#f3f3f3\"><div class=\"wp-block-group__inner-container is-layout-flow wp-block-group-is-layout-flow\">\n<div style=\"height:40px\" aria-hidden=\"true\" class=\"wp-block-spacer\"><\/div>\n\n\n\n<div class=\"su-button-center\"><a href=\"https:\/\/jakubkolbicz.pl\/?page_id=12535#E_Zagle\" class=\"su-button su-button-style-soft su-button-wide\" style=\"color:#ffffff;background-color:#717171;border-color:#5b5b5b;border-radius:10px\" target=\"_self\" id=\"1\"><span style=\"color:#ffffff;padding:8px 26px;font-size:20px;line-height:30px;border-color:#9c9c9c;border-radius:10px;text-shadow:0px 0px 0px #940000\"><i class=\"sui sui-arrow-left\" style=\"font-size:20px;color:#ecbc2a\"><\/i> Powr\u00f3t do bloku tematycznego <br>AKTYWNO\u015a\u0106<\/span><\/a><\/div>\n\n\n\n<div style=\"height:40px\" aria-hidden=\"true\" class=\"wp-block-spacer\"><\/div>\n<\/div><\/div>\n\n\n\n<div class=\"wp-block-group alignfull\"><div class=\"wp-block-group__inner-container is-layout-flow wp-block-group-is-layout-flow\">\n<div class=\"wp-block-group alignwide\"><div class=\"wp-block-group__inner-container is-layout-flow wp-block-group-is-layout-flow\">\n<div style=\"height:50px\" aria-hidden=\"true\" class=\"wp-block-spacer\"><\/div>\n\n\n\n<p><\/p>\n\n\n<div class=\"su-divider su-divider-style-default\" style=\"margin:25px 0;border-width:5px;border-color:#B8B8B8\"><\/div>\n\n\n\n<p><\/p>\n<\/div><\/div>\n<\/div><\/div>\n\n\n\n<p class=\"has-text-align-center\" style=\"font-size:16px\"><strong>Bloki tematyczne<\/strong><\/p>\n\n\n\n<div class=\"wp-block-columns alignwide has-background is-layout-flex wp-container-core-columns-is-layout-9d6595d7 wp-block-columns-is-layout-flex\" style=\"background-color:#f7f7f7\">\n<div class=\"wp-block-column is-layout-flow wp-block-column-is-layout-flow\">\n<figure class=\"wp-block-image size-large\"><a href=\"https:\/\/jakubkolbicz.pl\/?page_id=12487\"><img loading=\"lazy\" decoding=\"async\" width=\"800\" height=\"532\" src=\"https:\/\/jakubkolbicz.pl\/wp-content\/uploads\/2021\/07\/obserwacje-69.jpg\" alt=\"\" class=\"wp-image-1156\" srcset=\"https:\/\/jakubkolbicz.pl\/wp-content\/uploads\/2021\/07\/obserwacje-69.jpg 800w, https:\/\/jakubkolbicz.pl\/wp-content\/uploads\/2021\/07\/obserwacje-69-300x200.jpg 300w, https:\/\/jakubkolbicz.pl\/wp-content\/uploads\/2021\/07\/obserwacje-69-768x511.jpg 768w\" sizes=\"auto, (max-width: 800px) 100vw, 800px\" \/><\/a><figcaption>Osoby i obserwacje<\/figcaption><\/figure>\n<\/div>\n\n\n\n<div class=\"wp-block-column is-layout-flow wp-block-column-is-layout-flow\">\n<figure class=\"wp-block-image size-large\"><a href=\"https:\/\/jakubkolbicz.pl\/?page_id=12531\"><img loading=\"lazy\" decoding=\"async\" width=\"800\" height=\"532\" src=\"https:\/\/jakubkolbicz.pl\/wp-content\/uploads\/2021\/07\/koncerty-14.jpg\" alt=\"\" class=\"wp-image-1480\" srcset=\"https:\/\/jakubkolbicz.pl\/wp-content\/uploads\/2021\/07\/koncerty-14.jpg 800w, https:\/\/jakubkolbicz.pl\/wp-content\/uploads\/2021\/07\/koncerty-14-300x200.jpg 300w, https:\/\/jakubkolbicz.pl\/wp-content\/uploads\/2021\/07\/koncerty-14-768x511.jpg 768w\" sizes=\"auto, (max-width: 800px) 100vw, 800px\" \/><\/a><figcaption>Eventy<\/figcaption><\/figure>\n<\/div>\n\n\n\n<div class=\"wp-block-column is-layout-flow wp-block-column-is-layout-flow\">\n<figure class=\"wp-block-image size-large\"><a href=\"https:\/\/jakubkolbicz.pl\/?page_id=12535\"><img loading=\"lazy\" decoding=\"async\" width=\"800\" height=\"532\" src=\"https:\/\/jakubkolbicz.pl\/wp-content\/uploads\/2021\/07\/samoloty-29.jpg\" alt=\"\" class=\"wp-image-4050\" srcset=\"https:\/\/jakubkolbicz.pl\/wp-content\/uploads\/2021\/07\/samoloty-29.jpg 800w, https:\/\/jakubkolbicz.pl\/wp-content\/uploads\/2021\/07\/samoloty-29-300x200.jpg 300w, https:\/\/jakubkolbicz.pl\/wp-content\/uploads\/2021\/07\/samoloty-29-768x511.jpg 768w\" sizes=\"auto, (max-width: 800px) 100vw, 800px\" \/><\/a><figcaption>Aktywno\u015b\u0107<\/figcaption><\/figure>\n<\/div>\n\n\n\n<div class=\"wp-block-column is-layout-flow wp-block-column-is-layout-flow\">\n<figure class=\"wp-block-image size-large\"><a href=\"https:\/\/jakubkolbicz.pl\/?page_id=12539\"><img loading=\"lazy\" decoding=\"async\" width=\"800\" height=\"532\" src=\"https:\/\/jakubkolbicz.pl\/wp-content\/uploads\/2021\/07\/slonce-45.jpg\" alt=\"\" class=\"wp-image-2297\" srcset=\"https:\/\/jakubkolbicz.pl\/wp-content\/uploads\/2021\/07\/slonce-45.jpg 800w, https:\/\/jakubkolbicz.pl\/wp-content\/uploads\/2021\/07\/slonce-45-300x200.jpg 300w, https:\/\/jakubkolbicz.pl\/wp-content\/uploads\/2021\/07\/slonce-45-768x511.jpg 768w\" sizes=\"auto, (max-width: 800px) 100vw, 800px\" \/><\/a><figcaption>Otoczenie<\/figcaption><\/figure>\n<\/div>\n\n\n\n<div class=\"wp-block-column is-layout-flow wp-block-column-is-layout-flow\">\n<figure class=\"wp-block-image size-large\"><a href=\"https:\/\/jakubkolbicz.pl\/?page_id=12542\"><img loading=\"lazy\" decoding=\"async\" width=\"800\" height=\"532\" src=\"https:\/\/jakubkolbicz.pl\/wp-content\/uploads\/2021\/07\/moje_zwierzaki-8.jpg\" alt=\"\" class=\"wp-image-357\" srcset=\"https:\/\/jakubkolbicz.pl\/wp-content\/uploads\/2021\/07\/moje_zwierzaki-8.jpg 800w, https:\/\/jakubkolbicz.pl\/wp-content\/uploads\/2021\/07\/moje_zwierzaki-8-300x200.jpg 300w, https:\/\/jakubkolbicz.pl\/wp-content\/uploads\/2021\/07\/moje_zwierzaki-8-768x511.jpg 768w\" sizes=\"auto, (max-width: 800px) 100vw, 800px\" \/><\/a><figcaption>Fauna i Flora<\/figcaption><\/figure>\n<\/div>\n\n\n\n<div class=\"wp-block-column is-layout-flow wp-block-column-is-layout-flow\">\n<figure class=\"wp-block-image size-large\"><a href=\"https:\/\/jakubkolbicz.pl\/?page_id=12548\"><img loading=\"lazy\" decoding=\"async\" width=\"800\" height=\"532\" src=\"https:\/\/jakubkolbicz.pl\/wp-content\/uploads\/2021\/07\/auta-12.jpg\" alt=\"\" class=\"wp-image-483\" srcset=\"https:\/\/jakubkolbicz.pl\/wp-content\/uploads\/2021\/07\/auta-12.jpg 800w, https:\/\/jakubkolbicz.pl\/wp-content\/uploads\/2021\/07\/auta-12-300x200.jpg 300w, https:\/\/jakubkolbicz.pl\/wp-content\/uploads\/2021\/07\/auta-12-768x511.jpg 768w\" sizes=\"auto, (max-width: 800px) 100vw, 800px\" \/><\/a><figcaption>Inne spojrzenie<\/figcaption><\/figure>\n<\/div>\n\n\n\n<div class=\"wp-block-column is-layout-flow wp-block-column-is-layout-flow\">\n<figure class=\"wp-block-image size-large\"><a href=\"https:\/\/jakubkolbicz.pl\/?page_id=12551\"><img loading=\"lazy\" decoding=\"async\" width=\"800\" height=\"532\" src=\"https:\/\/jakubkolbicz.pl\/wp-content\/uploads\/2021\/07\/noca-16.jpg\" alt=\"\" class=\"wp-image-4005\" srcset=\"https:\/\/jakubkolbicz.pl\/wp-content\/uploads\/2021\/07\/noca-16.jpg 800w, https:\/\/jakubkolbicz.pl\/wp-content\/uploads\/2021\/07\/noca-16-300x200.jpg 300w, https:\/\/jakubkolbicz.pl\/wp-content\/uploads\/2021\/07\/noca-16-768x511.jpg 768w\" sizes=\"auto, (max-width: 800px) 100vw, 800px\" \/><\/a><figcaption>Troch\u0119 \u015bwiat\u0142a<\/figcaption><\/figure>\n<\/div>\n\n\n\n<div class=\"wp-block-column is-layout-flow wp-block-column-is-layout-flow\">\n<figure class=\"wp-block-image size-large\"><a href=\"https:\/\/jakubkolbicz.pl\/?page_id=12554\"><img loading=\"lazy\" decoding=\"async\" width=\"800\" height=\"532\" src=\"https:\/\/jakubkolbicz.pl\/wp-content\/uploads\/2021\/07\/kamieniolom-11.jpg\" alt=\"\" class=\"wp-image-3103\" srcset=\"https:\/\/jakubkolbicz.pl\/wp-content\/uploads\/2021\/07\/kamieniolom-11.jpg 800w, https:\/\/jakubkolbicz.pl\/wp-content\/uploads\/2021\/07\/kamieniolom-11-300x200.jpg 300w, https:\/\/jakubkolbicz.pl\/wp-content\/uploads\/2021\/07\/kamieniolom-11-768x511.jpg 768w\" sizes=\"auto, (max-width: 800px) 100vw, 800px\" \/><\/a><figcaption>Miejsca<\/figcaption><\/figure>\n<\/div>\n\n\n\n<div class=\"wp-block-column is-layout-flow wp-block-column-is-layout-flow\">\n<figure class=\"wp-block-image size-large\"><a href=\"https:\/\/jakubkolbicz.pl\/?page_id=12557\"><img loading=\"lazy\" decoding=\"async\" width=\"800\" height=\"532\" src=\"https:\/\/jakubkolbicz.pl\/wp-content\/uploads\/2021\/07\/berlin-39.jpg\" alt=\"\" class=\"wp-image-585\" srcset=\"https:\/\/jakubkolbicz.pl\/wp-content\/uploads\/2021\/07\/berlin-39.jpg 800w, https:\/\/jakubkolbicz.pl\/wp-content\/uploads\/2021\/07\/berlin-39-300x200.jpg 300w, https:\/\/jakubkolbicz.pl\/wp-content\/uploads\/2021\/07\/berlin-39-768x511.jpg 768w\" sizes=\"auto, (max-width: 800px) 100vw, 800px\" \/><\/a><figcaption>W gine\u017adzie cz\u0142owieka<\/figcaption><\/figure>\n<\/div>\n<\/div>\n\n\n\n<p><\/p>\n","protected":false},"excerpt":{"rendered":"","protected":false},"author":1,"featured_media":9438,"parent":1466,"menu_order":0,"comment_status":"closed","ping_status":"closed","template":"","meta":{"footnotes":""},"class_list":["post-9448","page","type-page","status-publish","has-post-thumbnail","hentry"],"_links":{"self":[{"href":"https:\/\/jakubkolbicz.pl\/index.php?rest_route=\/wp\/v2\/pages\/9448","targetHints":{"allow":["GET"]}}],"collection":[{"href":"https:\/\/jakubkolbicz.pl\/index.php?rest_route=\/wp\/v2\/pages"}],"about":[{"href":"https:\/\/jakubkolbicz.pl\/index.php?rest_route=\/wp\/v2\/types\/page"}],"author":[{"embeddable":true,"href":"https:\/\/jakubkolbicz.pl\/index.php?rest_route=\/wp\/v2\/users\/1"}],"replies":[{"embeddable":true,"href":"https:\/\/jakubkolbicz.pl\/index.php?rest_route=%2Fwp%2Fv2%2Fcomments&post=9448"}],"version-history":[{"count":7,"href":"https:\/\/jakubkolbicz.pl\/index.php?rest_route=\/wp\/v2\/pages\/9448\/revisions"}],"predecessor-version":[{"id":16622,"href":"https:\/\/jakubkolbicz.pl\/index.php?rest_route=\/wp\/v2\/pages\/9448\/revisions\/16622"}],"up":[{"embeddable":true,"href":"https:\/\/jakubkolbicz.pl\/index.php?rest_route=\/wp\/v2\/pages\/1466"}],"wp:featuredmedia":[{"embeddable":true,"href":"https:\/\/jakubkolbicz.pl\/index.php?rest_route=\/wp\/v2\/media\/9438"}],"wp:attachment":[{"href":"https:\/\/jakubkolbicz.pl\/index.php?rest_route=%2Fwp%2Fv2%2Fmedia&parent=9448"}],"curies":[{"name":"wp","href":"https:\/\/api.w.org\/{rel}","templated":true}]}}